{"id":3651,"date":"2021-01-31T09:41:53","date_gmt":"2021-01-31T09:41:53","guid":{"rendered":"http:\/\/milanosiamonoi.com\/?page_id=3651"},"modified":"2022-04-14T15:51:41","modified_gmt":"2022-04-14T15:51:41","slug":"1936-1937-drn","status":"publish","type":"page","link":"https:\/\/www.milanosiamonoi.com\/index.php\/campionati\/dal-1930-al-1939-la-crescita\/1936-1937-drn\/","title":{"rendered":"1936\/1937 DRN"},"content":{"rendered":"\n<div class=\"wp-block-image\"><figure class=\"aligncenter size-large\"><img loading=\"lazy\" decoding=\"async\" width=\"323\" height=\"300\" src=\"https:\/\/www.milanosiamonoi.com\/wp-content\/uploads\/2020\/11\/logo-diavoli-RN-320x300-1.jpg\" alt=\"\" class=\"wp-image-2399\" srcset=\"https:\/\/www.milanosiamonoi.com\/wp-content\/uploads\/2020\/11\/logo-diavoli-RN-320x300-1.jpg 323w, https:\/\/www.milanosiamonoi.com\/wp-content\/uploads\/2020\/11\/logo-diavoli-RN-320x300-1-300x279.jpg 300w, https:\/\/www.milanosiamonoi.com\/wp-content\/uploads\/2020\/11\/logo-diavoli-RN-320x300-1-100x93.jpg 100w, https:\/\/www.milanosiamonoi.com\/wp-content\/uploads\/2020\/11\/logo-diavoli-RN-320x300-1-50x46.jpg 50w, https:\/\/www.milanosiamonoi.com\/wp-content\/uploads\/2020\/11\/logo-diavoli-RN-320x300-1-25x23.jpg 25w\" sizes=\"(max-width: 323px) 100vw, 323px\" \/><\/figure><\/div>\n\n\n\n<figure class=\"wp-block-table aligncenter\"><table><tbody><tr><td>Commissario<\/td><td>Giuseppe Lavezzari<\/td><\/tr><tr><td>Allenatore<\/td><td>Autogestione<\/td><\/tr><\/tbody><\/table><\/figure>\n\n\n\n<figure class=\"wp-block-table\"><table><tbody><tr><td class=\"has-text-align-center\" data-align=\"center\">Ruolo<\/td><td><strong>Giocatori con almeno una presenza in prima squadra.<\/strong><\/td><\/tr><tr><td class=\"has-text-align-center\" data-align=\"center\">P<\/td><td>Augusto Gerosa, Costanzo Mongini. <\/td><\/tr><tr><td class=\"has-text-align-center\" data-align=\"center\">D<\/td><td>Luigi Bestagini, Franco Carlassare, Mara.<\/td><\/tr><tr><td class=\"has-text-align-center\" data-align=\"center\">A<\/td><td>Carlo Bassi, Egidio Bruciamonti, Enzo Cesana, Otello D&#8217;Apollonia, Ignazio Dionisi, Giacomo Levi, Mario Maiocchi, Aldo Marazza, Giorgio Pellegrini, Gianni Scotti, Roberto Taroni.<\/td><\/tr><\/tbody><\/table><\/figure>\n\n\n\n<p class=\"has-text-align-center\">La nuova stagione viene inaugurata da una sorprendente delibera della Federazione che vieta a tutte le squadre italiane il tesseramento di giocatori stranieri. Le societ\u00e0 possono ingaggiare un allenatore straniero, ma senza la possibilit\u00e0 di utilizzarlo come giocatore, nemmeno per incontri di carattere amichevole. La scelta solleva molti dubbi, il pi\u00f9 critico nei confronti di questa decisione \u00e8 Erberto Levi (La Gazzetta dello Sport) che non perde occasione per rimarcare che il problema del nostro disco su ghiaccio rimane quello delle piste artificiali. Esplicitamente pro FISI \u201cIl Corriere della Sera\u201d: -Draconiana ma necessaria decisione di proibire l\u2019inclusione di stranieri nelle squadre italiane-. Forti dubbi sulla sorte dei Diavoli Rossoneri, per i dirigenti del Milan che si dedicano alla sezione hockey proseguire l&#8217;attivit\u00e0 senza giocatori stranieri non ha alcun senso. Inoltre, i rossoneri dovranno fare a meno di un pilastro come Decio Trovati, partito per l&#8217;Africa orientale per motivi di lavoro. Il rammarico maggiore riguarda la Coppa Spengler  alla quale si dovr\u00e0 giocoforza rinunciare. La stagione \u00e8 completamente sulle spalle dell&#8217;ing. Lavezzari, tanto pi\u00f9 che la situazione economica del Milan non vive un felice momento, il club calcistico ha persino venduto al comune di Milano lo stadio di San Siro. La Federazione soccorre le due milanesi favorendo gli accordi con la direzione del Palazzo del Ghiaccio, che concede un maggiore numero di ore per gli allenamenti. Fatti due conti, Milano e Diavoli Rossoneri rinunciano a partite amichevoli, L\u2019ingaggio di club dall\u2019estero ha un costo e senza stelle straniere si teme una scarsa affluenza di pubblico con relativo magro incasso. I Diavoli giungono a fine anno senza alcun sussulto e nel gennaio del 1937, essendo alcuni titolari impegnati nei Littoriali a San Martino di Castrozza, i primi rossoneri a scendere sul ghiaccio sono quelli della seconda squadra.<\/p>\n\n\n\n<div class=\"wp-block-image\"><figure class=\"aligncenter size-large is-resized\"><img loading=\"lazy\" decoding=\"async\" src=\"https:\/\/www.milanosiamonoi.com\/wp-content\/uploads\/2021\/01\/37.02.10-gufM-gufpavia.jpg\" alt=\"\" class=\"wp-image-4352\" width=\"568\" height=\"322\" srcset=\"https:\/\/www.milanosiamonoi.com\/wp-content\/uploads\/2021\/01\/37.02.10-gufM-gufpavia.jpg 800w, https:\/\/www.milanosiamonoi.com\/wp-content\/uploads\/2021\/01\/37.02.10-gufM-gufpavia-300x171.jpg 300w, https:\/\/www.milanosiamonoi.com\/wp-content\/uploads\/2021\/01\/37.02.10-gufM-gufpavia-768x437.jpg 768w, https:\/\/www.milanosiamonoi.com\/wp-content\/uploads\/2021\/01\/37.02.10-gufM-gufpavia-100x57.jpg 100w, https:\/\/www.milanosiamonoi.com\/wp-content\/uploads\/2021\/01\/37.02.10-gufM-gufpavia-50x28.jpg 50w, https:\/\/www.milanosiamonoi.com\/wp-content\/uploads\/2021\/01\/37.02.10-gufM-gufpavia-25x14.jpg 25w, https:\/\/www.milanosiamonoi.com\/wp-content\/uploads\/2021\/01\/37.02.10-gufM-gufpavia-740x421.jpg 740w\" sizes=\"(max-width: 568px) 100vw, 568px\" \/><figcaption><em>San Martino di Castrozza: GUF Milano-GUF Pavia 4-2. <\/em><\/figcaption><\/figure><\/div>\n\n\n\n<figure class=\"wp-block-table\"><table><tbody><tr><td><strong>Torino, 17 gennaio 1937 &#8211; Partita amichevole.<\/strong><\/td><\/tr><tr><td>Nord Torino-Diavoli Rossoneri II 1-1 (0-0; 0-1; 1-0)<\/td><\/tr><tr><td>Nord Torino: Ferreccio; Perini, Cantatore; Giorda, Nanni Prat, Garelli; Grassi, Gillardi, Cappabianca; Beltrami.<\/td><\/tr><tr><td>DRN II: Mongini; Bestagini, Bruciamonti II; Bassi, Giacomo Levi, Taroni; Inzana, Mussi II, E. Cesana; Longoni,<\/td><\/tr><tr><td>Reti: 2\u00b0t. Giacomo Levi. 3\u00b0t. <em>Gillardi.<\/em><\/td><\/tr><tr><td>Arbitri: Patruno (To) e Achille Trovati (DRN).<\/td><\/tr><\/tbody><\/table><\/figure>\n\n\n\n<div class=\"wp-block-image\"><figure class=\"aligncenter size-large is-resized\"><img loading=\"lazy\" decoding=\"async\" src=\"https:\/\/www.milanosiamonoi.com\/wp-content\/uploads\/2020\/12\/37.01.17-foto-Nord-To-DRN-II-1-1-1.jpg\" alt=\"\" class=\"wp-image-3685\" width=\"577\" height=\"327\" srcset=\"https:\/\/www.milanosiamonoi.com\/wp-content\/uploads\/2020\/12\/37.01.17-foto-Nord-To-DRN-II-1-1-1.jpg 800w, https:\/\/www.milanosiamonoi.com\/wp-content\/uploads\/2020\/12\/37.01.17-foto-Nord-To-DRN-II-1-1-1-300x171.jpg 300w, https:\/\/www.milanosiamonoi.com\/wp-content\/uploads\/2020\/12\/37.01.17-foto-Nord-To-DRN-II-1-1-1-768x437.jpg 768w, https:\/\/www.milanosiamonoi.com\/wp-content\/uploads\/2020\/12\/37.01.17-foto-Nord-To-DRN-II-1-1-1-100x57.jpg 100w, https:\/\/www.milanosiamonoi.com\/wp-content\/uploads\/2020\/12\/37.01.17-foto-Nord-To-DRN-II-1-1-1-50x28.jpg 50w, https:\/\/www.milanosiamonoi.com\/wp-content\/uploads\/2020\/12\/37.01.17-foto-Nord-To-DRN-II-1-1-1-25x14.jpg 25w, https:\/\/www.milanosiamonoi.com\/wp-content\/uploads\/2020\/12\/37.01.17-foto-Nord-To-DRN-II-1-1-1-740x421.jpg 740w\" sizes=\"(max-width: 577px) 100vw, 577px\" \/><figcaption><em>Mongini sventa un attacco dei torinesi<\/em>.<\/figcaption><\/figure><\/div>\n\n\n\n<p class=\"has-text-align-center\">Nel fine settimana successivo con l&#8217;innesto di alcuni giovani esordio della prima squadra in trasferta a Bolzano e in Val Gardena.<\/p>\n\n\n\n<figure class=\"wp-block-table\"><table><tbody><tr><td><strong>Bolzano, 23 gennaio 1937 &#8211; Partita amichevole.<\/strong><\/td><\/tr><tr><td>Renon-Diavoli Rossoneri 3-2 (1-0; 1-1; 1-1)<\/td><\/tr><tr><td>Renon: Merendi; Holzner, Mech; Menestrina, Ebner, Lux (rinforzo dal Milano),<\/td><\/tr><tr><td>DRN: Mongini; Carlassare, Bestagini; Giacomo Levi, Gianni Scotti, E. Bruciamonti; Taroni, E. Cesana.<\/td><\/tr><tr><td>Rerti: 1\u00b0t. <em>14&#8242; Ebner<\/em>. 2\u00b0t. <em>2&#8242; Lux, <\/em>11&#8242; Giacomo Levi. 3\u00b0t.<em> 5&#8242; Lux, <\/em>8&#8242; Gianni Scotti. Arbitro: Gerosa (DRN).<\/td><\/tr><\/tbody><\/table><\/figure>\n\n\n\n<figure class=\"wp-block-table\"><table><tbody><tr><td><strong>Ortisei, 24 gennaio 1937 &#8211; Partita amichevole.<\/strong><\/td><\/tr><tr><td>Ortisei-Diavoli Rossoneri 0-4 (0-0; 0-2; 0-2)<\/td><\/tr><tr><td>Ortisei: Rudi Schmalzl; Noflaner, Kasslatter; Walpoth, F. Hofer, G. Senoner; G. Demetz, Roman Schmalzl.<\/td><\/tr><tr><td>DRN: Mongini; Bestagini, Carlassare; Taroni, Giacomo Levi, E. Bruciamonti; E. Cesana, Gianni Scotti.<\/td><\/tr><tr><td>Reti: 2\u00b0t. 7&#8242; Taroni, 13&#8242; Gianni Scotti. 3\u00b0t. 7&#8242; E. Bruciamonti, 15&#8242; Gianni Scotti. Arbitro: Gerosa (DRN).<\/td><\/tr><\/tbody><\/table><\/figure>\n\n\n\n<div class=\"wp-block-image\"><figure class=\"aligncenter size-large is-resized\"><img loading=\"lazy\" decoding=\"async\" src=\"https:\/\/www.milanosiamonoi.com\/wp-content\/uploads\/2020\/12\/37.03.05-foto-Mongini-DRN-709x1024-Copia.jpg\" alt=\"\" class=\"wp-image-3699\" width=\"425\" height=\"613\" srcset=\"https:\/\/www.milanosiamonoi.com\/wp-content\/uploads\/2020\/12\/37.03.05-foto-Mongini-DRN-709x1024-Copia.jpg 429w, https:\/\/www.milanosiamonoi.com\/wp-content\/uploads\/2020\/12\/37.03.05-foto-Mongini-DRN-709x1024-Copia-208x300.jpg 208w, https:\/\/www.milanosiamonoi.com\/wp-content\/uploads\/2020\/12\/37.03.05-foto-Mongini-DRN-709x1024-Copia-69x100.jpg 69w, https:\/\/www.milanosiamonoi.com\/wp-content\/uploads\/2020\/12\/37.03.05-foto-Mongini-DRN-709x1024-Copia-35x50.jpg 35w, https:\/\/www.milanosiamonoi.com\/wp-content\/uploads\/2020\/12\/37.03.05-foto-Mongini-DRN-709x1024-Copia-17x25.jpg 17w\" sizes=\"(max-width: 425px) 100vw, 425px\" \/><figcaption><em>Il giovane portiere dei Diavoli Rossoneri Costanzo Mongini.<\/em><\/figcaption><\/figure><\/div>\n\n\n\n<p class=\"has-text-align-center\">Le sorprese in ambito federale non sono finite. Alla serie A potranno partecipare solo le societ\u00e0 che iscriveranno tre squadre. La prima dovr\u00e0 essere formata dai migliori giocatori che non potranno fare parte delle altre due. La seconda non potr\u00e0 schierare nazionali e partecipanti alle finali di campionato precedenti. La terza sar\u00e0 composta da giocatori che mai abbiano preso parte a gare approvate dalla FISI e di et\u00e0 non superiore a ventitr\u00e9 anni. La partita tra le prime squadre assegna un punto, quella tra le seconde due e tra le terze tre. La classifica per societ\u00e0 si otterr\u00e0 sommando i punti conquistati dalle tre squadre, nel caso di parit\u00e0 di punti si disputer\u00e0 uno spareggio tra le terze squadre. Se una delle tre squadre si ritira, la societ\u00e0 perde il diritto di classifica. Visto che nemmeno il Cortina ha una terza squadra, da subito si intuisce che le uniche societ\u00e0 in grado di iscriversi al massimo campionato saranno le due milanesi e dall\u2019assegnazione dei punti si evince che il torneo sar\u00e0 deciso dal match che opporr\u00e0 i pi\u00f9 giovani.&nbsp;I Diavoli sono solo al quarto anno di vita, arduo per l&#8217;ing. Lavezzari allestire l&#8217;under 23: fondamentale l&#8217;aiuto di Egidio Bruciamonti per gli allenamenti. Al termine dei Littoriali d&#8217;inverno i Diavoli tesserano Otello D&#8217;Apollonia del GUF Padova, tornato in Italia dal Canada e convocato in Nazionale per il mondiale universitario (due reti in tre partite). Finalmente in febbraio due match al Palazzo.<\/p>\n\n\n\n<figure class=\"wp-block-table\"><table><tbody><tr><td><strong>Milano, 19 febbraio 1937 &#8211; Partita amichevole.<\/strong><\/td><\/tr><tr><td>Diavoli Rossoneri-St. Moritz 1-2 (1-0; 0-1; 0-1)<\/td><\/tr><tr><td>Diavoli Rossoneri: Gerosa; E. Bruciamonti, Marazza; Dionisi, Bestagini, Maiocchi; Pellegrini, D&#8217;Apollonia.<\/td><\/tr><tr><td>St. Moritz: Cronk; Schmidt, Martignoni; Cadisch, Baechler, Cooke; Kuhn, Svanosio, Innocenti.<\/td><\/tr><tr><td>Reti: 1\u00b0t. 1&#8242; Dionisi. 2\u00b0t. <em>7&#8242; Innocenti.<\/em> 3\u00b0t. <em>14&#8242; Baechler.<\/em><\/td><\/tr><\/tbody><\/table><\/figure>\n\n\n\n<p class=\"has-text-align-center\">La fame di hockey dei tifosi rossoneri porta al Piranesi un pubblico da grandi occasioni. Non ci sono Carlassare e Gianni Scotti, in difesa l&#8217;inedita coppia Bruciamonti-Marazza. Il St. Moritz, ottima prova dell&#8217;italiano Dino Innocenti, esce alla distanza e passa in vantaggio sul finire. Numerosi i presenti anche nella gara con l&#8217;Innsbruck EV. Spazio ai giocatori della seconda squadra e i tirolesi non fanno sconti. Il pubblico sfolla deluso, consapevole che le partitissime degli anni passati sono solo un ricordo.<\/p>\n\n\n\n<figure class=\"wp-block-table\"><table><tbody><tr><td><strong>Milano, 24 febbraio 1937 &#8211; Partita amichevole.<\/strong><\/td><\/tr><tr><td>Diavoli Rossoneri-Innsbruck EV 0-3 (0-1; 0-0; 0-2)<\/td><\/tr><tr><td>Diavoli Rossoneri: Mongini; Bestagini, Mara: Dionisi, Bassi, Giacomo Levi, Taroni; Bruciamonti, Marazza, Maiocchi. <\/td><\/tr><tr><td>Innsbruck EV: Amenth; Demmer, Oberweger; Held, Goldsteiner, Pohl; Gassler, Schmidt, Pupp.<\/td><\/tr><tr><td>Reti: 1\u00b0t. <em>aut. Bruciamonti.<\/em> 3\u00b0t. <em>4&#8242; e 13&#8242; Schmidt<\/em>.<\/td><\/tr><tr><td>Arbitri: Pesenti e Dionisi.<\/td><\/tr><\/tbody><\/table><\/figure>\n\n\n\n<p class=\"has-text-align-center\">Come era facilmente prevedibile la FISI conferma che al campionato si sono iscritte solo le due societ\u00e0 milanesi. Per la partita tra le due prime squadre un pubblico fitto e bramoso di hockey riempie il Piranesi. Nelle file rossonere non ci sono Carlassare e Maiocchi, entrambi infortunati. Prima che la gara abbia inizio il Milano apre il caso D\u2019Apollonia: il giocatore \u00e8 italo-canadese e come deliberato dalla FISI in campionato non pu\u00f2 giocare. I Diavoli, convinti di essere diventati il bersaglio su cui si scagliano tutti i provvedimenti della Federazione, ricordano che D\u2019Apollonia ha indossato la maglia azzurra a Zell am See; se era italiano in Austria a maggiore ragione lo \u00e8 in Italia! I dirigenti federali milanesi confermano che D\u2019Apollonia non ha i requisiti per giocare. I Diavoli non demordono e ribadiscono che senza Otello D\u2019Apollonia non scenderanno in pista. Sugli spalti i tifosi scalpitano: vogliono le squadre sul ghiaccio, vogliono la partita. Sulla diatriba prevale il buonsenso: i rossoneri accolgono l\u2019invito a giocare, ma per loro si tratta di una semplice amichevole.<\/p>\n\n\n\n<figure class=\"wp-block-table\"><table><tbody><tr><td><strong>Milano, 3 marzo 1937 \u2013 Partita amichevole.<\/strong><\/td><\/tr><tr><td>Milano-Diavoli Rossoneri 2-1 (2-0; 0-1; 0-0)<\/td><\/tr><tr><td>Milano: Calcaterra; De Mazzeri, F. Rossi; P. Fabris, Mussi, Timpano; Lux, Venosta, Signorini.<\/td><\/tr><tr><td>DRN: Gerosa; Bestagini, Bruciamonti; Dionisi, Marazza, Gianni Scotti; Pellegrini, D\u2019Apollonia.<\/td><\/tr><tr><td>Reti: 1\u00b0t. <em>11\u2032 De Mazzeri, 13\u2032 F. Rossi. <\/em>2\u00b0t.&nbsp;12\u2032 D\u2019Apollonia<em>.<\/em><\/td><\/tr><tr><td>Arbitri: Hug e Hirtz (Svizzera).<\/td><\/tr><\/tbody><\/table><\/figure>\n\n\n\n<p class=\"has-text-align-center\">Il fatto che i Diavoli Rossoneri si siano rifiutati di giocare la partita di campionato consegna al Milano la vittoria a tavolino (Il Corriere della Sera), ma prevedendo il regolamento che in caso di abbandono di una delle tre squadre, la societ\u00e0 a cui questa appartiene perde ogni diritto di classifica, c\u2019\u00e8 chi \u00e8 convinto che il Milano abbia gi\u00e0 vinto il campionato. Chiarimenti non se ne vedono, per la carta stampata il campionato continua. Notizie confuse anche sul parapiglia al rientro negli spogliatoi.<\/p>\n\n\n\n<div class=\"wp-block-image\"><figure class=\"aligncenter size-large is-resized\"><img loading=\"lazy\" decoding=\"async\" src=\"https:\/\/www.milanosiamonoi.com\/wp-content\/uploads\/2020\/12\/37.03.03-DRN-M-Cal-1.jpg\" alt=\"\" class=\"wp-image-3690\" width=\"577\" height=\"327\" srcset=\"https:\/\/www.milanosiamonoi.com\/wp-content\/uploads\/2020\/12\/37.03.03-DRN-M-Cal-1.jpg 800w, https:\/\/www.milanosiamonoi.com\/wp-content\/uploads\/2020\/12\/37.03.03-DRN-M-Cal-1-300x171.jpg 300w, https:\/\/www.milanosiamonoi.com\/wp-content\/uploads\/2020\/12\/37.03.03-DRN-M-Cal-1-768x437.jpg 768w, https:\/\/www.milanosiamonoi.com\/wp-content\/uploads\/2020\/12\/37.03.03-DRN-M-Cal-1-100x57.jpg 100w, https:\/\/www.milanosiamonoi.com\/wp-content\/uploads\/2020\/12\/37.03.03-DRN-M-Cal-1-50x28.jpg 50w, https:\/\/www.milanosiamonoi.com\/wp-content\/uploads\/2020\/12\/37.03.03-DRN-M-Cal-1-25x14.jpg 25w, https:\/\/www.milanosiamonoi.com\/wp-content\/uploads\/2020\/12\/37.03.03-DRN-M-Cal-1-740x421.jpg 740w\" sizes=\"(max-width: 577px) 100vw, 577px\" \/><figcaption><em>3 marzo 1937, da sinistra: E. Bruciamonti, D&#8217;Apollonia, Pellegrini, Scotti, Marazza, Gerosa, Mussi, Timpano, Calcaterra, Venosta, P. Fabris, Lux, Signorini, F. Rossi, T. De Mazzeri, gli arbitri Hirtz e Hug. Inginocchiati: Bestagini e Dionisi.<\/em><\/figcaption><\/figure><\/div>\n\n\n\n<p class=\"has-text-align-center\">Anche la partita tra le seconde squadre \u00e8 preceduta da controversie. I rossoneri sostengono che la seconda formazione del Milano \u00e8 zeppa di giocatori che hanno partecipato a fasi finali di campionato assoluto, cosa vietata dal regolamento. I nerazzurri affermano che fa testo la classificazione dei giocatori in base ai risultati ottenuti al 31 marzo 1936. In effetti Taccani, Rota, Bordoni e Talamona hanno giocato le finali del 1935, ma sempre con il Milano II. I dubbi sorgono sulla posizione di Arnaldo Fabris che ha giocato con la prima squadra la finalissima dello scorso anno e manco a farlo apposta la partita la decide una rete del maggiore dei gemelli Fabris!<\/p>\n\n\n\n<figure class=\"wp-block-table\"><table><tbody><tr><td><strong>Milano, 4 marzo 1937 \u2013 Campionato italiano \u2013 Seconda partita.<\/strong><\/td><\/tr><tr><td>Milano II-Diavoli Rossoneri II 3-2 (0-0; 2-1; 0-1; 1-0; 0-0)<\/td><\/tr><tr><td>Milano II: Gandini; Talamona, Sommariva; A. Fabris, Taccani, Bordoni; Rota, Codognato, Finzi.<\/td><\/tr><tr><td>DRN II: Mongini; Mara; Bestagini; Bassi, Giacomo Levi; Taroni; Brambilla, Mussi II, Boriosi.<\/td><\/tr><tr><td>Reti: 1\u00b0t. <em>4\u2032 Talamona, 5\u2032 Taccani,<\/em>&nbsp;8\u2032 Bassi.&nbsp;2\u00b0t.<em>&nbsp;<\/em>6\u2032 Mara<em>.<\/em>&nbsp;1\u00b0t.s. <em>3\u2032 A. Fabris<\/em>.<\/td><\/tr><tr><td>Arbitri: Hug e Hirtz (Svizzera).<\/td><\/tr><\/tbody><\/table><\/figure>\n\n\n\n<p class=\"has-text-align-center\">Il solo match che si svolge senza premesse polemiche \u00e8 quello che oppone gli under 23. Per la terza volta il responso del campo dice Milano. A mezzanotte il campionato \u00e8 finito: sei punti a zero per i nerazzurri, il Milano \u00e8 campione d\u2019Italia per l\u2019ottava volta. Quasi indifferente la reazione dello scarso pubblico presente.<\/p>\n\n\n\n<figure class=\"wp-block-table\"><table><tbody><tr><td><strong>Milano, 4 marzo 1937 \u2013 Campionato italiano \u2013 Terza partita.<\/strong><\/td><\/tr><tr><td>Milano III-Diavoli Rossoneri III 1-0 (1-0; 0-0; 0-0)<\/td><\/tr><tr><td>Milano III: Zopegni; Butti, Saldini; Mattea, Mainoldi, Florio; A. De Mazzeri II, Columella, Formenti.<\/td><\/tr><tr><td>DRN III: Galletti; Bruciamonti II, Longoni; Gualdi, E. Cesana, Inzana; Monti, E. Rossi, Santambrogio.<\/td><\/tr><tr><td>Rete: 1\u00b0t. 1\u2032 Columella (Mainoldi). Arbitri: Hug e Hirtz (Svizzera).<\/td><\/tr><\/tbody><\/table><\/figure>\n\n\n\n<p class=\"has-text-align-center\">Stralcio analisi finale (La Gazzetta dello Sport). La formula del torneo appena concluso ha sicuramente penalizzato i Diavoli Rossoneri: in attivit\u00e0 da soli quattro anni, la compagine tenuta in vita dalla passione dell&#8217;ing. Lavezzari non aveva a disposizione un numero elevato di riserve e allievi per competere con il Milano, il cui parco giocatori \u00e8 rimasto intatto grazie alla regola che ne vietava il trasferimento ai Diavoli. La FISI ha gestito malissimo la vicenda D&#8217;Apollonia: \u00e8 la prima volta che un nazionale non riceve il nulla osta per giocare in campionato, tuttavia i rossoneri hanno sbagliato nel ritirare la squadra. Il campionato ha vissuto un&#8217;edizione anomala: non c&#8217;\u00e8 una squadra campione, ma una societ\u00e0 campione e questo non si addice ai normali criteri di una competizione del genere. <\/p>\n\n\n\n<div class=\"wp-block-image\"><figure class=\"aligncenter size-large is-resized\"><img loading=\"lazy\" decoding=\"async\" src=\"https:\/\/www.milanosiamonoi.com\/wp-content\/uploads\/2020\/12\/37.03.03-foto-DRN-GdS.jpg\" alt=\"\" class=\"wp-image-3541\" width=\"577\" height=\"397\" srcset=\"https:\/\/www.milanosiamonoi.com\/wp-content\/uploads\/2020\/12\/37.03.03-foto-DRN-GdS.jpg 762w, https:\/\/www.milanosiamonoi.com\/wp-content\/uploads\/2020\/12\/37.03.03-foto-DRN-GdS-300x207.jpg 300w, https:\/\/www.milanosiamonoi.com\/wp-content\/uploads\/2020\/12\/37.03.03-foto-DRN-GdS-100x69.jpg 100w, https:\/\/www.milanosiamonoi.com\/wp-content\/uploads\/2020\/12\/37.03.03-foto-DRN-GdS-50x34.jpg 50w, https:\/\/www.milanosiamonoi.com\/wp-content\/uploads\/2020\/12\/37.03.03-foto-DRN-GdS-25x17.jpg 25w, https:\/\/www.milanosiamonoi.com\/wp-content\/uploads\/2020\/12\/37.03.03-foto-DRN-GdS-740x510.jpg 740w\" sizes=\"(max-width: 577px) 100vw, 577px\" \/><figcaption><em>Ultima partita della prima squadra dei Diavoli Rossoneri, da sinistra in piedi: Dionisi, Gerosa, l&#8217;ing. Lavezzari, D&#8217;Apollonia, Bestagini, Marazza, Gianni Scotti. Accosciati: il massaggiatore Clerici, Egidio Bruciamonti e Pellegrini.<\/em><\/figcaption><\/figure><\/div>\n\n\n\n<p class=\"has-text-align-center\">Termina cos\u00ec la stagione in cui si \u00e8 voluto dare una rilevanza maggiore alle partite dei pi\u00f9 giovani, ma non basta. Per progredire ed essere valorizzati hanno bisogno di buoni maestri, cio\u00e8 allenatori e giocatori stranieri. Fermo restando le cose, i benefici e i vantaggi delle scelte effettuate sono tutti da verificare (La Gazzetta dello Sport). Severa la critica di Ettore Mattea (Libro e Moschetto): -La Federazione pu\u00f2 avanzare tutte le ragioni che vuole ma alla fine i risultati sono stati questi: un peggioramento stilistico universalmente riconosciuto e un minore interesse del pubblico a causa delle poche partite disputate-. In aprile la FISI rende noti i provvedimenti disciplinari presi in relazione agli incidenti verificatisi nel dopo partita del 3 marzo. Mario Maiocchi (DRN) sospeso a tempo indeterminato per assoluta mancanza di spirito sportivo. Franco Taccani (M) sospeso per due anni per scarso spirito sportivo. Tutti gli altri giocatori sono stati ammoniti.<\/p>\n\n\n\n<figure class=\"wp-block-table aligncenter\"><table><tbody><tr><td><strong>Bilancio derby Diavoli Rossoneri-Milano<\/strong><\/td><td class=\"has-text-align-center\" data-align=\"center\">Numeri<\/td><\/tr><tr><td>Partite giocate (una a tavolino)<\/td><td class=\"has-text-align-center\" data-align=\"center\">8<\/td><\/tr><tr><td>Vittorie dei Diavoli Rossoneri<\/td><td class=\"has-text-align-center\" data-align=\"center\">4<\/td><\/tr><tr><td>Vittorie del Milano<\/td><td class=\"has-text-align-center\" data-align=\"center\">3<\/td><\/tr><tr><td>Partite pareggiate<\/td><td class=\"has-text-align-center\" data-align=\"center\">1<\/td><\/tr><tr><td>Reti segnate dai Diavoli Rossoneri<\/td><td class=\"has-text-align-center\" data-align=\"center\">21<\/td><\/tr><tr><td>Reti segnate dal Milano<\/td><td class=\"has-text-align-center\" data-align=\"center\">17<\/td><\/tr><\/tbody><\/table><\/figure>\n\n\n\n<figure class=\"wp-block-table\"><table><tbody><tr><td><strong><a href=\"https:\/\/www.milanosiamonoi.com\/index.php\/campionati\/dal-1930-al-1939-la-crescita\/1935-1936-drn\/\" data-type=\"URL\" data-id=\"https:\/\/www.milanosiamonoi.com\/index.php\/campionati\/dal-1930-al-1939-la-crescita\/1935-1936-drn\/\">stagione precedente<\/a><\/strong><\/td><td class=\"has-text-align-right\" data-align=\"right\"><strong><a href=\"https:\/\/www.milanosiamonoi.com\/index.php\/campionati\/dal-1930-al-1939-la-crescita\/1937-1938-amdg\/\" data-type=\"URL\" data-id=\"https:\/\/www.milanosiamonoi.com\/index.php\/campionati\/dal-1930-al-1939-la-crescita\/1937-1938-amdg\/\">stagione successiva<\/a><\/strong><\/td><\/tr><\/tbody><\/table><\/figure>\n\n\n\n<figure class=\"wp-block-table\"><table><tbody><tr><td class=\"has-text-align-center\" data-align=\"center\"><strong><a href=\"https:\/\/www.milanosiamonoi.com\/index.php\/campionati\/dal-1930-al-1939-la-crescita\/1936-1937\/\" data-type=\"URL\" data-id=\"https:\/\/www.milanosiamonoi.com\/index.php\/campionati\/dal-1930-al-1939-la-crescita\/1936-1937\/\">Associazione Disco su Ghiaccio Milano<\/a><\/strong><\/td><\/tr><\/tbody><\/table><\/figure>\n","protected":false},"excerpt":{"rendered":"<p>Commissario Giuseppe Lavezzari Allenatore Autogestione Ruolo Giocatori con almeno una presenza in prima squadra. P Augusto Gerosa, Costanzo Mongini. D Luigi Bestagini, Franco Carlassare, Mara&#8230;.<\/p>\n","protected":false},"author":2,"featured_media":0,"parent":1465,"menu_order":11,"comment_status":"closed","ping_status":"closed","template":"","meta":{"spay_email":"","footnotes":""},"_links":{"self":[{"href":"https:\/\/www.milanosiamonoi.com\/index.php\/wp-json\/wp\/v2\/pages\/3651"}],"collection":[{"href":"https:\/\/www.milanosiamonoi.com\/index.php\/wp-json\/wp\/v2\/pages"}],"about":[{"href":"https:\/\/www.milanosiamonoi.com\/index.php\/wp-json\/wp\/v2\/types\/page"}],"author":[{"embeddable":true,"href":"https:\/\/www.milanosiamonoi.com\/index.php\/wp-json\/wp\/v2\/users\/2"}],"replies":[{"embeddable":true,"href":"https:\/\/www.milanosiamonoi.com\/index.php\/wp-json\/wp\/v2\/comments?post=3651"}],"version-history":[{"count":68,"href":"https:\/\/www.milanosiamonoi.com\/index.php\/wp-json\/wp\/v2\/pages\/3651\/revisions"}],"predecessor-version":[{"id":12997,"href":"https:\/\/www.milanosiamonoi.com\/index.php\/wp-json\/wp\/v2\/pages\/3651\/revisions\/12997"}],"up":[{"embeddable":true,"href":"https:\/\/www.milanosiamonoi.com\/index.php\/wp-json\/wp\/v2\/pages\/1465"}],"wp:attachment":[{"href":"https:\/\/www.milanosiamonoi.com\/index.php\/wp-json\/wp\/v2\/media?parent=3651"}],"curies":[{"name":"wp","href":"https:\/\/api.w.org\/{rel}","templated":true}]}}