{"id":16001,"date":"2023-12-17T18:52:17","date_gmt":"2023-12-17T18:52:17","guid":{"rendered":"http:\/\/milanosiamonoi.com\/?page_id=16001"},"modified":"2024-01-07T10:23:42","modified_gmt":"2024-01-07T10:23:42","slug":"1973-1974-turbine","status":"publish","type":"page","link":"https:\/\/www.milanosiamonoi.com\/index.php\/campionati\/dal-1970-al-1979-il-declino\/1973-1974-turbine\/","title":{"rendered":"1973\/1974 Turbine"},"content":{"rendered":"<div class=\"wp-block-image\">\n<figure class=\"aligncenter size-large\"><img loading=\"lazy\" decoding=\"async\" width=\"300\" height=\"300\" src=\"https:\/\/www.milanosiamonoi.com\/wp-content\/uploads\/2022\/11\/logo-turbine70-300x300-1.jpg\" alt=\"\" class=\"wp-image-15318\" srcset=\"https:\/\/www.milanosiamonoi.com\/wp-content\/uploads\/2022\/11\/logo-turbine70-300x300-1.jpg 300w, https:\/\/www.milanosiamonoi.com\/wp-content\/uploads\/2022\/11\/logo-turbine70-300x300-1-150x150.jpg 150w, https:\/\/www.milanosiamonoi.com\/wp-content\/uploads\/2022\/11\/logo-turbine70-300x300-1-100x100.jpg 100w, https:\/\/www.milanosiamonoi.com\/wp-content\/uploads\/2022\/11\/logo-turbine70-300x300-1-50x50.jpg 50w, https:\/\/www.milanosiamonoi.com\/wp-content\/uploads\/2022\/11\/logo-turbine70-300x300-1-25x25.jpg 25w, https:\/\/www.milanosiamonoi.com\/wp-content\/uploads\/2022\/11\/logo-turbine70-300x300-1-90x90.jpg 90w\" sizes=\"(max-width: 300px) 100vw, 300px\" \/><\/figure><\/div>\n\n\n<p class=\"has-text-align-center\">In pieno giugno Diavoli Milano e Turbine si accordano per proseguire insieme. Con il ritiro di Leonardo Cutrera, per il club gialloverde l&#8217;unica soluzione possibile \u00e8 quella di tornare a essere il serbatoio ideale dei Diavoli. Viene costituito una CD unitario con Tullio Monzino presidente, Roberto Vaccari vice e due consiglieri a testa per societ\u00e0: Pavoni e Ravegnani (Diavoli), Sergio Vaccari e Giampaolo Beretta (Turbine).<\/p>\n\n\n\n<p class=\"has-text-align-center\">In autunno la crisi dei Diavoli trattiene il club gialloverde alla finestra con apprensione. L&#8217;accordo Monzino-Frigoriferi Milanesi scioglie di fatto il CD unitario e porta alla creazione di un nuovo organigramma direttivo.<\/p>\n\n\n\n<figure class=\"wp-block-table aligncenter\"><table><tbody><tr><td>Presidente<\/td><td>Roberto Vaccari. <\/td><\/tr><tr><td>Vice<\/td><td>Tullio Monzino ed Enrico Marini.<\/td><\/tr><tr><td>Consiglieri<\/td><td>G.P. Beretta, O. Biffi, I. Campisi, G.L. Gattone, M. Pastorelli, Pavoni, Ravegnani, S. Vaccari. <\/td><\/tr><\/tbody><\/table><\/figure>\n\n\n\n<p class=\"has-text-align-center\">Rispetto alla scorsa stagione lasciano i colori gialloverdi Tonino Ingegnoli e Luciano Ballarini (Diavoli Milano), Cesare Bressan raggiunge Sergio Freda al Valpellice. Coach Adriano Cremonesi non dispone pi\u00f9 di Branduardi, Signorini e dei fratelli Ded\u00e9, avr\u00e0 invece a disposizione un buon numero di ex allievi dei Diavoli, non in grado di raccogliere un numero sufficiente di elementi per l&#8217;iscrizione al campionato juniores. Il nuovo straniero \u00e8 il canadese Kenneth Chipman.<\/p>\n\n\n\n<figure class=\"wp-block-table\"><table><tbody><tr><td class=\"has-text-align-center\" data-align=\"center\"><strong>Ruolo<\/strong><\/td><td><strong>Giocatori con almeno una presenza in prima squadra.<\/strong><\/td><\/tr><tr><td class=\"has-text-align-center\" data-align=\"center\">P<\/td><td>17 Maurizio Gattone, 18 Angelo Pontoglio.<\/td><\/tr><tr><td class=\"has-text-align-center\" data-align=\"center\">D<\/td><td>3 Gilberto Agnesi, 4 Roberto Biffi, 5 Silvano Banfi (C), 12 Massimo Zandrino.<\/td><\/tr><tr><td class=\"has-text-align-center\" data-align=\"center\">A<\/td><td>6 Fabrizio Mazzola, 7 Enrico Campisi, 8 Luigi Broglia, 9 Giuseppe Brizio, 10 Ken Chipman, 11 Sanzio Giantommasi, 14 Fulvio Corri, 16 Giulio Vivaldi Pasqua, Camillo Gioseffi.<\/td><\/tr><\/tbody><\/table><\/figure>\n\n\n<div class=\"wp-block-image\">\n<figure class=\"aligncenter size-large\"><img loading=\"lazy\" decoding=\"async\" width=\"946\" height=\"688\" src=\"https:\/\/www.milanosiamonoi.com\/wp-content\/uploads\/2023\/08\/73-74-foto-Biffi-Gattone-Broglia-Gattone.jpg\" alt=\"\" class=\"wp-image-17267\" srcset=\"https:\/\/www.milanosiamonoi.com\/wp-content\/uploads\/2023\/08\/73-74-foto-Biffi-Gattone-Broglia-Gattone.jpg 946w, https:\/\/www.milanosiamonoi.com\/wp-content\/uploads\/2023\/08\/73-74-foto-Biffi-Gattone-Broglia-Gattone-300x218.jpg 300w, https:\/\/www.milanosiamonoi.com\/wp-content\/uploads\/2023\/08\/73-74-foto-Biffi-Gattone-Broglia-Gattone-768x559.jpg 768w, https:\/\/www.milanosiamonoi.com\/wp-content\/uploads\/2023\/08\/73-74-foto-Biffi-Gattone-Broglia-Gattone-100x73.jpg 100w, https:\/\/www.milanosiamonoi.com\/wp-content\/uploads\/2023\/08\/73-74-foto-Biffi-Gattone-Broglia-Gattone-50x36.jpg 50w, https:\/\/www.milanosiamonoi.com\/wp-content\/uploads\/2023\/08\/73-74-foto-Biffi-Gattone-Broglia-Gattone-25x18.jpg 25w, https:\/\/www.milanosiamonoi.com\/wp-content\/uploads\/2023\/08\/73-74-foto-Biffi-Gattone-Broglia-Gattone-740x538.jpg 740w\" sizes=\"(max-width: 946px) 100vw, 946px\" \/><figcaption class=\"wp-element-caption\"><em>Da sinistra: Roberto Biffi, Maurizio Gattone e Gino Broglia.<\/em><\/figcaption><\/figure><\/div>\n\n\n<p class=\"has-text-align-center\">Primi giorni di novembre in azzurro per Maurizio Gattone, Angelo Pontoglio, Pierluigi Crispino, Fabrizio Mazzola e Fulvio Corri, convocati in Nazionale juniores per due match con la Svizzera.<\/p>\n\n\n\n<figure class=\"wp-block-table aligncenter\"><table><tbody><tr><td class=\"has-text-align-center\" data-align=\"center\"><strong>1973<\/strong><\/td><td class=\"has-text-align-center\" data-align=\"center\"><strong>Amichevoli Naz. juniores<\/strong><\/td><td class=\"has-text-align-center\" data-align=\"center\"><strong>Risultato<\/strong><\/td><\/tr><tr><td class=\"has-text-align-center\" data-align=\"center\">Como, 2 novembre<\/td><td class=\"has-text-align-center\" data-align=\"center\">Italia-Svizzera<\/td><td class=\"has-text-align-center\" data-align=\"center\">7-8 (3-3; 2-3; 2-2)<\/td><\/tr><tr><td class=\"has-text-align-center\" data-align=\"center\">Ambr\u00ec, 3 novembre<\/td><td class=\"has-text-align-center\" data-align=\"center\">Svizzera-Italia<\/td><td class=\"has-text-align-center\" data-align=\"center\">4-2 (1-0; 0-1; 3-1)<\/td><\/tr><\/tbody><\/table><\/figure>\n\n\n\n<p class=\"has-text-align-center\">Il girone A di serie B accoglie due formazioni venete: Camporovere e Valbiois di Falcade. Il club bellunese giocher\u00e0 tutte le partite in casa, mentre il Camporovere imiter\u00e0 il Valbiois solo in alcuni casi.<\/p>\n\n\n\n<figure class=\"wp-block-table aligncenter\"><table><tbody><tr><td class=\"has-text-align-center\" data-align=\"center\"><strong>Serie B &#8211; Girone A<\/strong><\/td><\/tr><tr><td class=\"has-text-align-center\" data-align=\"center\">Camporovere, Como, Torino, Turbine, Valbiois, Valpellice<\/td><\/tr><\/tbody><\/table><\/figure>\n\n\n<div class=\"wp-block-image\">\n<figure class=\"aligncenter size-large\"><img loading=\"lazy\" decoding=\"async\" width=\"753\" height=\"412\" src=\"https:\/\/www.milanosiamonoi.com\/wp-content\/uploads\/2023\/03\/73.11.25-BA-Valpe-Turb-5-6-skeda.jpg\" alt=\"\" class=\"wp-image-16023\" srcset=\"https:\/\/www.milanosiamonoi.com\/wp-content\/uploads\/2023\/03\/73.11.25-BA-Valpe-Turb-5-6-skeda.jpg 753w, https:\/\/www.milanosiamonoi.com\/wp-content\/uploads\/2023\/03\/73.11.25-BA-Valpe-Turb-5-6-skeda-300x164.jpg 300w, https:\/\/www.milanosiamonoi.com\/wp-content\/uploads\/2023\/03\/73.11.25-BA-Valpe-Turb-5-6-skeda-100x55.jpg 100w, https:\/\/www.milanosiamonoi.com\/wp-content\/uploads\/2023\/03\/73.11.25-BA-Valpe-Turb-5-6-skeda-50x27.jpg 50w, https:\/\/www.milanosiamonoi.com\/wp-content\/uploads\/2023\/03\/73.11.25-BA-Valpe-Turb-5-6-skeda-25x14.jpg 25w, https:\/\/www.milanosiamonoi.com\/wp-content\/uploads\/2023\/03\/73.11.25-BA-Valpe-Turb-5-6-skeda-740x405.jpg 740w\" sizes=\"(max-width: 753px) 100vw, 753px\" \/><\/figure><\/div>\n\n<div class=\"wp-block-image\">\n<figure class=\"aligncenter size-large\"><img loading=\"lazy\" decoding=\"async\" width=\"1024\" height=\"928\" src=\"https:\/\/www.milanosiamonoi.com\/wp-content\/uploads\/2020\/03\/73.12.03-B-CO-Tur-4-2-1024x928.jpg\" alt=\"\" class=\"wp-image-223\" srcset=\"https:\/\/www.milanosiamonoi.com\/wp-content\/uploads\/2020\/03\/73.12.03-B-CO-Tur-4-2-1024x928.jpg 1024w, https:\/\/www.milanosiamonoi.com\/wp-content\/uploads\/2020\/03\/73.12.03-B-CO-Tur-4-2-300x272.jpg 300w, https:\/\/www.milanosiamonoi.com\/wp-content\/uploads\/2020\/03\/73.12.03-B-CO-Tur-4-2-768x696.jpg 768w, https:\/\/www.milanosiamonoi.com\/wp-content\/uploads\/2020\/03\/73.12.03-B-CO-Tur-4-2-1536x1392.jpg 1536w, https:\/\/www.milanosiamonoi.com\/wp-content\/uploads\/2020\/03\/73.12.03-B-CO-Tur-4-2-2048x1856.jpg 2048w, https:\/\/www.milanosiamonoi.com\/wp-content\/uploads\/2020\/03\/73.12.03-B-CO-Tur-4-2-1126x1020.jpg 1126w, https:\/\/www.milanosiamonoi.com\/wp-content\/uploads\/2020\/03\/73.12.03-B-CO-Tur-4-2-740x671.jpg 740w\" sizes=\"(max-width: 1024px) 100vw, 1024px\" \/><figcaption class=\"wp-element-caption\"><em>Articolo da &#8220;La Gazzetta dello Sport&#8221;.<\/em><\/figcaption><\/figure><\/div>\n\n<div class=\"wp-block-image\">\n<figure class=\"aligncenter size-large\"><img loading=\"lazy\" decoding=\"async\" width=\"752\" height=\"545\" src=\"https:\/\/www.milanosiamonoi.com\/wp-content\/uploads\/2023\/03\/74.01.07-BA-Turbi-Valpe-5-7.jpg\" alt=\"\" class=\"wp-image-16024\" srcset=\"https:\/\/www.milanosiamonoi.com\/wp-content\/uploads\/2023\/03\/74.01.07-BA-Turbi-Valpe-5-7.jpg 752w, https:\/\/www.milanosiamonoi.com\/wp-content\/uploads\/2023\/03\/74.01.07-BA-Turbi-Valpe-5-7-300x217.jpg 300w, https:\/\/www.milanosiamonoi.com\/wp-content\/uploads\/2023\/03\/74.01.07-BA-Turbi-Valpe-5-7-100x72.jpg 100w, https:\/\/www.milanosiamonoi.com\/wp-content\/uploads\/2023\/03\/74.01.07-BA-Turbi-Valpe-5-7-50x36.jpg 50w, https:\/\/www.milanosiamonoi.com\/wp-content\/uploads\/2023\/03\/74.01.07-BA-Turbi-Valpe-5-7-25x18.jpg 25w, https:\/\/www.milanosiamonoi.com\/wp-content\/uploads\/2023\/03\/74.01.07-BA-Turbi-Valpe-5-7-740x536.jpg 740w\" sizes=\"(max-width: 752px) 100vw, 752px\" \/><figcaption class=\"wp-element-caption\"><em>Articolo da &#8220;L&#8217;Eco del Chisone&#8221;.<\/em><\/figcaption><\/figure><\/div>\n\n\n<p class=\"has-text-align-center\">Rivincita della Valpe (dei milanesi Cesare Bressan e Sergio Freda) al Piranesi. Torresi in testa alla classifica nonostante il passo falso casalingo della prima giornata.<\/p>\n\n\n<div class=\"wp-block-image\">\n<figure class=\"aligncenter size-large\"><img loading=\"lazy\" decoding=\"async\" width=\"838\" height=\"389\" src=\"https:\/\/www.milanosiamonoi.com\/wp-content\/uploads\/2023\/03\/74.01.16-BA-Turb-Camp-11-2.jpg\" alt=\"\" class=\"wp-image-16025\" srcset=\"https:\/\/www.milanosiamonoi.com\/wp-content\/uploads\/2023\/03\/74.01.16-BA-Turb-Camp-11-2.jpg 838w, https:\/\/www.milanosiamonoi.com\/wp-content\/uploads\/2023\/03\/74.01.16-BA-Turb-Camp-11-2-300x139.jpg 300w, https:\/\/www.milanosiamonoi.com\/wp-content\/uploads\/2023\/03\/74.01.16-BA-Turb-Camp-11-2-768x357.jpg 768w, https:\/\/www.milanosiamonoi.com\/wp-content\/uploads\/2023\/03\/74.01.16-BA-Turb-Camp-11-2-100x46.jpg 100w, https:\/\/www.milanosiamonoi.com\/wp-content\/uploads\/2023\/03\/74.01.16-BA-Turb-Camp-11-2-50x23.jpg 50w, https:\/\/www.milanosiamonoi.com\/wp-content\/uploads\/2023\/03\/74.01.16-BA-Turb-Camp-11-2-25x12.jpg 25w, https:\/\/www.milanosiamonoi.com\/wp-content\/uploads\/2023\/03\/74.01.16-BA-Turb-Camp-11-2-740x344.jpg 740w\" sizes=\"(max-width: 838px) 100vw, 838px\" \/><figcaption class=\"wp-element-caption\"><em>Da &#8220;La Gazzetta dello Sport&#8221;.<\/em><\/figcaption><\/figure><\/div>\n\n<div class=\"wp-block-image\">\n<figure class=\"aligncenter size-large is-resized\"><img loading=\"lazy\" decoding=\"async\" width=\"499\" height=\"806\" src=\"https:\/\/www.milanosiamonoi.com\/wp-content\/uploads\/2023\/03\/74.01.26-BA-Valbiois-Turb-6-4-e-5-7.jpg\" alt=\"\" class=\"wp-image-16026\" style=\"width:409px;height:660px\" srcset=\"https:\/\/www.milanosiamonoi.com\/wp-content\/uploads\/2023\/03\/74.01.26-BA-Valbiois-Turb-6-4-e-5-7.jpg 499w, https:\/\/www.milanosiamonoi.com\/wp-content\/uploads\/2023\/03\/74.01.26-BA-Valbiois-Turb-6-4-e-5-7-186x300.jpg 186w, https:\/\/www.milanosiamonoi.com\/wp-content\/uploads\/2023\/03\/74.01.26-BA-Valbiois-Turb-6-4-e-5-7-62x100.jpg 62w, https:\/\/www.milanosiamonoi.com\/wp-content\/uploads\/2023\/03\/74.01.26-BA-Valbiois-Turb-6-4-e-5-7-31x50.jpg 31w, https:\/\/www.milanosiamonoi.com\/wp-content\/uploads\/2023\/03\/74.01.26-BA-Valbiois-Turb-6-4-e-5-7-15x25.jpg 15w\" sizes=\"(max-width: 499px) 100vw, 499px\" \/><figcaption class=\"wp-element-caption\"><em>Da &#8220;La Gazzetta dello Sport&#8221;.<\/em><\/figcaption><\/figure><\/div>\n\n\n<p class=\"has-text-align-center\">Con le venete sempre in trasferta, bilancio in parit\u00e0: due vittorie e due sconfitte. Gli ultimi tre incontri con Como e Torino in piena lotta con il Valpellice per la qualificazione al girone finale. <\/p>\n\n\n<div class=\"wp-block-image\">\n<figure class=\"aligncenter size-large\"><img loading=\"lazy\" decoding=\"async\" width=\"836\" height=\"457\" src=\"https:\/\/www.milanosiamonoi.com\/wp-content\/uploads\/2023\/03\/74.02.04-BA-Turb-To-5-5-skeda-1.jpg\" alt=\"\" class=\"wp-image-16028\" srcset=\"https:\/\/www.milanosiamonoi.com\/wp-content\/uploads\/2023\/03\/74.02.04-BA-Turb-To-5-5-skeda-1.jpg 836w, https:\/\/www.milanosiamonoi.com\/wp-content\/uploads\/2023\/03\/74.02.04-BA-Turb-To-5-5-skeda-1-300x164.jpg 300w, https:\/\/www.milanosiamonoi.com\/wp-content\/uploads\/2023\/03\/74.02.04-BA-Turb-To-5-5-skeda-1-768x420.jpg 768w, https:\/\/www.milanosiamonoi.com\/wp-content\/uploads\/2023\/03\/74.02.04-BA-Turb-To-5-5-skeda-1-100x55.jpg 100w, https:\/\/www.milanosiamonoi.com\/wp-content\/uploads\/2023\/03\/74.02.04-BA-Turb-To-5-5-skeda-1-50x27.jpg 50w, https:\/\/www.milanosiamonoi.com\/wp-content\/uploads\/2023\/03\/74.02.04-BA-Turb-To-5-5-skeda-1-25x14.jpg 25w, https:\/\/www.milanosiamonoi.com\/wp-content\/uploads\/2023\/03\/74.02.04-BA-Turb-To-5-5-skeda-1-740x405.jpg 740w\" sizes=\"(max-width: 836px) 100vw, 836px\" \/><\/figure><\/div>\n\n\n<figure class=\"wp-block-table aligncenter\"><table><tbody><tr><td>11 febbraio 1974<\/td><td>Turbine-Como<\/td><td class=\"has-text-align-center\" data-align=\"center\">2-10 (0-1; 2-5; 0-4)<\/td><\/tr><tr><td>15 febbraio 1974<\/td><td>Torino-Turbine<\/td><td class=\"has-text-align-center\" data-align=\"center\">6-5 (1-0; 3-2; 2-3)<\/td><\/tr><\/tbody><\/table><\/figure>\n\n\n\n<figure class=\"wp-block-table aligncenter\"><table><tbody><tr><td><strong>Serie B &#8211; Classifica finale girone A<\/strong><\/td><td class=\"has-text-align-center\" data-align=\"center\"><strong>Punti<\/strong><\/td><\/tr><tr><td>1 COMO<\/td><td class=\"has-text-align-center\" data-align=\"center\">16<\/td><\/tr><tr><td>2 TORINO<\/td><td class=\"has-text-align-center\" data-align=\"center\">14<\/td><\/tr><tr><td>3 Valpellice<\/td><td class=\"has-text-align-center\" data-align=\"center\">14<\/td><\/tr><tr><td>4 Turbine<\/td><td class=\"has-text-align-center\" data-align=\"center\">7<\/td><\/tr><tr><td>5 Valbiois<\/td><td class=\"has-text-align-center\" data-align=\"center\">6<\/td><\/tr><tr><td>6 Camporovere<\/td><td class=\"has-text-align-center\" data-align=\"center\">3<\/td><\/tr><\/tbody><\/table><\/figure>\n\n\n\n<p class=\"has-text-align-center\">Torino davanti alla Valpe per migliore differenza reti. La stagione del Turbine si esaurisce con l&#8217;ultima di campionato. Il blocco dei giovani promette bene, qualcuno gi\u00e0 pronto per il salto in categoria superiore, stagioni a venire determinanti per fare esperienza.<\/p>\n\n\n<div class=\"wp-block-image\">\n<figure class=\"aligncenter size-large\"><img loading=\"lazy\" decoding=\"async\" width=\"1024\" height=\"652\" src=\"https:\/\/www.milanosiamonoi.com\/wp-content\/uploads\/2023\/03\/73.12.12-foto-Turbine-1024x652.jpg\" alt=\"\" class=\"wp-image-16039\" srcset=\"https:\/\/www.milanosiamonoi.com\/wp-content\/uploads\/2023\/03\/73.12.12-foto-Turbine-1024x652.jpg 1024w, https:\/\/www.milanosiamonoi.com\/wp-content\/uploads\/2023\/03\/73.12.12-foto-Turbine-300x191.jpg 300w, https:\/\/www.milanosiamonoi.com\/wp-content\/uploads\/2023\/03\/73.12.12-foto-Turbine-768x489.jpg 768w, https:\/\/www.milanosiamonoi.com\/wp-content\/uploads\/2023\/03\/73.12.12-foto-Turbine-100x64.jpg 100w, https:\/\/www.milanosiamonoi.com\/wp-content\/uploads\/2023\/03\/73.12.12-foto-Turbine-50x32.jpg 50w, https:\/\/www.milanosiamonoi.com\/wp-content\/uploads\/2023\/03\/73.12.12-foto-Turbine-25x16.jpg 25w, https:\/\/www.milanosiamonoi.com\/wp-content\/uploads\/2023\/03\/73.12.12-foto-Turbine-1126x717.jpg 1126w, https:\/\/www.milanosiamonoi.com\/wp-content\/uploads\/2023\/03\/73.12.12-foto-Turbine-740x471.jpg 740w, https:\/\/www.milanosiamonoi.com\/wp-content\/uploads\/2023\/03\/73.12.12-foto-Turbine.jpg 1275w\" sizes=\"(max-width: 1024px) 100vw, 1024px\" \/><figcaption class=\"wp-element-caption\"><em>Da sinistra in piedi: Cremonesi, Banfi, Chipman, Campisi, Biffi, Giantommasi, Zandrino, Brizio, Gioseffi, P.L. Crispino, Agnesi, R. Vaccari. In prima fila: Corri, A. Pontoglio, Gattone, Broglia, Vivaldi Pasqua, Mazzola.<\/em><\/figcaption><\/figure><\/div>\n\n\n<figure class=\"wp-block-table aligncenter\"><table><tbody><tr><td><strong>Classifica marcatori stagionali Turbine.<\/strong><\/td><td class=\"has-text-align-center\" data-align=\"center\"><strong>Reti<\/strong><\/td><\/tr><tr><td>Ken Chipman e Fulvio Corri<\/td><td class=\"has-text-align-center\" data-align=\"center\">10<\/td><\/tr><tr><td>Giuseppe Brizio<\/td><td class=\"has-text-align-center\" data-align=\"center\">7<\/td><\/tr><tr><td>Enrico Campisi e Giulio Vivaldi Pasqua<\/td><td class=\"has-text-align-center\" data-align=\"center\">5<\/td><\/tr><tr><td>Fabrizio Mazzola<\/td><td class=\"has-text-align-center\" data-align=\"center\">3<\/td><\/tr><tr><td>Silvano Banfi e Pierliugi Crispino<\/td><td class=\"has-text-align-center\" data-align=\"center\">2<\/td><\/tr><tr><td>Gino Broglia, Sanzio Giantommasi e Max Zandrino<\/td><td class=\"has-text-align-center\" data-align=\"center\">1<\/td><\/tr><\/tbody><\/table><\/figure>\n\n\n\n<figure class=\"wp-block-table aligncenter\"><table><tbody><tr><td><strong>Serie B &#8211; Classifica girone finale<\/strong><\/td><td class=\"has-text-align-center\" data-align=\"center\"><strong>Punti<\/strong><\/td><\/tr><tr><td>1 RENCIO BOLZANO<\/td><td class=\"has-text-align-center\" data-align=\"center\">12<\/td><\/tr><tr><td>2 Como<\/td><td class=\"has-text-align-center\" data-align=\"center\">8<\/td><\/tr><tr><td>3 Torino<\/td><td class=\"has-text-align-center\" data-align=\"center\">4<\/td><\/tr><tr><td>4 Gries Bolzano<\/td><td class=\"has-text-align-center\" data-align=\"center\">0<\/td><\/tr><\/tbody><\/table><\/figure>\n\n\n\n<p class=\"has-text-align-center\"><\/p>\n\n\n\n<figure class=\"wp-block-table\"><table><tbody><tr><td><strong><a href=\"https:\/\/www.milanosiamonoi.com\/index.php\/campionati\/dal-1970-al-1979-il-declino\/1972-1973-turbine-e-cah-milano\/\">stagione precedente<\/a><\/strong><\/td><td class=\"has-text-align-right\" data-align=\"right\"><strong><a href=\"https:\/\/www.milanosiamonoi.com\/index.php\/campionati\/dal-1970-al-1979-il-declino\/1974-1975-turbine\/\">stagione successiva<\/a><\/strong><\/td><\/tr><\/tbody><\/table><\/figure>\n\n\n\n<figure class=\"wp-block-table\"><table><tbody><tr><td class=\"has-text-align-center\" data-align=\"center\"><strong><a href=\"https:\/\/www.milanosiamonoi.com\/index.php\/campionati\/dal-1970-al-1979-il-declino\/1973-1974-diavoli-hc-milano\/\">Diavoli Milano<\/a><\/strong><\/td><\/tr><\/tbody><\/table><\/figure>\n","protected":false},"excerpt":{"rendered":"<p>In pieno giugno Diavoli Milano e Turbine si accordano per proseguire insieme. Con il ritiro di Leonardo Cutrera, per il club gialloverde l&#8217;unica soluzione possibile&#8230;<\/p>\n","protected":false},"author":2,"featured_media":0,"parent":1473,"menu_order":9,"comment_status":"closed","ping_status":"closed","template":"","meta":{"spay_email":"","footnotes":""},"_links":{"self":[{"href":"https:\/\/www.milanosiamonoi.com\/index.php\/wp-json\/wp\/v2\/pages\/16001"}],"collection":[{"href":"https:\/\/www.milanosiamonoi.com\/index.php\/wp-json\/wp\/v2\/pages"}],"about":[{"href":"https:\/\/www.milanosiamonoi.com\/index.php\/wp-json\/wp\/v2\/types\/page"}],"author":[{"embeddable":true,"href":"https:\/\/www.milanosiamonoi.com\/index.php\/wp-json\/wp\/v2\/users\/2"}],"replies":[{"embeddable":true,"href":"https:\/\/www.milanosiamonoi.com\/index.php\/wp-json\/wp\/v2\/comments?post=16001"}],"version-history":[{"count":34,"href":"https:\/\/www.milanosiamonoi.com\/index.php\/wp-json\/wp\/v2\/pages\/16001\/revisions"}],"predecessor-version":[{"id":18362,"href":"https:\/\/www.milanosiamonoi.com\/index.php\/wp-json\/wp\/v2\/pages\/16001\/revisions\/18362"}],"up":[{"embeddable":true,"href":"https:\/\/www.milanosiamonoi.com\/index.php\/wp-json\/wp\/v2\/pages\/1473"}],"wp:attachment":[{"href":"https:\/\/www.milanosiamonoi.com\/index.php\/wp-json\/wp\/v2\/media?parent=16001"}],"curies":[{"name":"wp","href":"https:\/\/api.w.org\/{rel}","templated":true}]}}