{"id":1579,"date":"2020-10-15T13:32:34","date_gmt":"2020-10-15T13:32:34","guid":{"rendered":"http:\/\/milanosiamonoi.com\/?page_id=1579"},"modified":"2025-03-20T16:43:32","modified_gmt":"2025-03-20T16:43:32","slug":"1926-27","status":"publish","type":"page","link":"https:\/\/www.milanosiamonoi.com\/index.php\/campionati\/dal-1924-al-1929-le-origini\/1926-27\/","title":{"rendered":"1926\/1927 HC Milano"},"content":{"rendered":"\n<div class=\"wp-block-image\"><figure class=\"aligncenter size-large\"><img loading=\"lazy\" decoding=\"async\" width=\"300\" height=\"300\" src=\"https:\/\/www.milanosiamonoi.com\/wp-content\/uploads\/2020\/10\/logo-hcm-300x300-1.jpg\" alt=\"\" class=\"wp-image-1734\" srcset=\"https:\/\/www.milanosiamonoi.com\/wp-content\/uploads\/2020\/10\/logo-hcm-300x300-1.jpg 300w, https:\/\/www.milanosiamonoi.com\/wp-content\/uploads\/2020\/10\/logo-hcm-300x300-1-150x150.jpg 150w, https:\/\/www.milanosiamonoi.com\/wp-content\/uploads\/2020\/10\/logo-hcm-300x300-1-100x100.jpg 100w, https:\/\/www.milanosiamonoi.com\/wp-content\/uploads\/2020\/10\/logo-hcm-300x300-1-50x50.jpg 50w, https:\/\/www.milanosiamonoi.com\/wp-content\/uploads\/2020\/10\/logo-hcm-300x300-1-25x25.jpg 25w, https:\/\/www.milanosiamonoi.com\/wp-content\/uploads\/2020\/10\/logo-hcm-300x300-1-90x90.jpg 90w\" sizes=\"(max-width: 300px) 100vw, 300px\" \/><\/figure><\/div>\n\n\n\n<figure class=\"wp-block-table aligncenter\"><table><tbody><tr><td>Presidente onorario<\/td><td>Alberto Bonacossa<\/td><\/tr><tr><td>Presidente effettivo<\/td><td>Emilio Botturi<\/td><\/tr><tr><td>Allenatore<\/td><td>Decio Trovati e Francesco Roncarelli.<\/td><\/tr><\/tbody><\/table><\/figure>\n\n\n\n<figure class=\"wp-block-table\"><table><tbody><tr><td class=\"has-text-align-center\" data-align=\"center\">Ruolo<\/td><td><strong>Giocatori<\/strong>.<\/td><\/tr><tr><td class=\"has-text-align-center\" data-align=\"center\">P<\/td><td>Enrico Calcaterra, Alberto De Bernardi, P. Piazza.<\/td><\/tr><tr><td class=\"has-text-align-center\" data-align=\"center\">D<\/td><td>Gianmario Baroni, Vittorio Bianchi, Ambrogio Gobbi (C), Francesco Roncarelli.<\/td><\/tr><tr><td class=\"has-text-align-center\" data-align=\"center\">A<\/td><td>Guido Botturi, Ernesto Iscaki, Luigi Redaelli, Piero Roulet, Gianni Scotti, Decio Trovati, Marco Urbano.<\/td><\/tr><\/tbody><\/table><\/figure>\n\n\n\n<p class=\"has-text-align-center\">A inizio stagione si presenta una spiacevole sorpresa. Causa gli alti costi di gestione il commendator Mangili decide di non attivare l&#8217;impianto per la realizzazione del ghiaccio. Dopo complesse trattative, il ministero delle Finanze esonera per due anni la propriet\u00e0 del Palazzo dal pagamento dei diritti erariali. Il 3 novembre gli hockeisti riprendono gli allenamenti in vista dei tornei che si svolgeranno nel periodo delle Feste Natalizie e in preparazione al campionato italiano che si giocher\u00e0 il 23 gennaio del 1927 a Cortina d&#8217;Ampezzo. Per impegni di lavoro o di studio, la vigilia di Natale il Milano parte per la Svizzera con i giocatori contati: sei! Calcaterra, Gobbi, Guido Botturi, Decio Trovati, Redaelli e il non ancora sedicenne Gianni Scotti. Marco Urbano si \u00e8 infortunato nel corso dell&#8217;ultimo allenamento e per sopraggiunte difficolt\u00e0 nel rilascio del passaporto non si riesce ad aggregare alla comitiva nemmeno Palmer, addetto al consolato canadese che, appena il lavoro glielo consente, partecipa agli allenamenti. L&#8217;accompagnatore della squadra \u00e8 il segretario Gaetano De Luca, che in caso di necessit\u00e0 sarebbe costretto a giocare.<\/p>\n\n\n\n<figure class=\"wp-block-table aligncenter\"><table><tbody><tr><td class=\"has-text-align-center\" data-align=\"center\"><strong>1926<\/strong><\/td><td>Luogo<\/td><td class=\"has-text-align-center\" data-align=\"center\"><strong>Coupe d&#8217;Italie<\/strong>.<\/td><td class=\"has-text-align-center\" data-align=\"center\">Risultato<\/td><\/tr><tr><td class=\"has-text-align-center\" data-align=\"center\">26 dicenbre<\/td><td>Villars<\/td><td class=\"has-text-align-center\" data-align=\"center\">Milano-Servette<\/td><td class=\"has-text-align-center\" data-align=\"center\">5-1 (0-0; 5-1)<\/td><\/tr><tr><td class=\"has-text-align-center\" data-align=\"center\">27 dicembre<\/td><td>Villars<\/td><td class=\"has-text-align-center\" data-align=\"center\">Bellerive Vevey-Milano<\/td><td class=\"has-text-align-center\" data-align=\"center\">2-1 (1-1; 0-0; 0-0; 1-0)<\/td><\/tr><tr><td class=\"has-text-align-center\" data-align=\"center\">27 dicembre<\/td><td>Villars<\/td><td class=\"has-text-align-center\" data-align=\"center\">Villars-Milano<\/td><td class=\"has-text-align-center\" data-align=\"center\">5-2 <\/td><\/tr><\/tbody><\/table><\/figure>\n\n\n\n<p class=\"has-text-align-center\">Il giovanissimo Gianni Scotti realizza una doppietta nella partita d&#8217;esordio con il Servette. Doppio impegno il giorno seguente, il Milano oppone una strenua resistenza al Bellerive e cede solo all&#8217;ultimo minuto del secondo supplementare. Protagonista indiscusso della partita \u00e8 Enrico Calcaterra, che sforna parate in serie ed esce tra gli applausi del pubblico presente. Stanchezza e lividi della gara mattutina si fanno sentire nel match pomeridiano col Villars. Il Milano tiene fino al 2-3, poi deve alzare bandiera bianca. Questo incontro aveva in palio la Coppa Bucher e con un gesto di grande sportivit\u00e0 il Villars dona il trofeo al Milano, riconoscendone i meriti e la fatica patita nella partita antimeridiana con il Bellerive, che oltre ad allineare tre stranieri aveva praticato un gioco molto duro.<\/p>\n\n\n\n<figure class=\"wp-block-table aligncenter\"><table><tbody><tr><td class=\"has-text-align-center\" data-align=\"center\"><strong>1926<\/strong><\/td><td class=\"has-text-align-center\" data-align=\"center\">Luogo<\/td><td class=\"has-text-align-center\" data-align=\"center\"><strong>Torneo di Kandersteg<\/strong>.<\/td><td class=\"has-text-align-center\" data-align=\"center\">Risultato<\/td><\/tr><tr><td class=\"has-text-align-center\" data-align=\"center\">29 dicembre<\/td><td class=\"has-text-align-center\" data-align=\"center\">Kandersteg<\/td><td class=\"has-text-align-center\" data-align=\"center\">Kandersteg-Milano<\/td><td class=\"has-text-align-center\" data-align=\"center\">0-6<\/td><\/tr><tr><td class=\"has-text-align-center\" data-align=\"center\">31 dicembre<\/td><td class=\"has-text-align-center\" data-align=\"center\">Kandersteg<\/td><td class=\"has-text-align-center\" data-align=\"center\">Akademischer Zurigo-Milano<\/td><td class=\"has-text-align-center\" data-align=\"center\">2-1<\/td><\/tr><\/tbody><\/table><\/figure>\n\n\n\n<p class=\"has-text-align-center\">Al termine del torneo di Kandersteg, provatissimi e malconci, i nostri devono rinunciare alle altre partite in programma e con grande rammarico riprendono la strada per Milano. Promosso a pieni voti Gianni Scotti (3 reti), in possesso di un bel tiro, jolly tutto fare Guido Botturi (4 reti), gran dribblatore Luigi Redaelli (2 reti) e ottimo come sempre Decio Trovati (6 reti). Ambrogio Gobbi \u00e8 un difensore di razza e Calcaterra e stato elogiato da stampa e avversari per colpo d&#8217;occhio e lucidit\u00e0.<\/p>\n\n\n\n<div class=\"wp-block-image\"><figure class=\"aligncenter size-large is-resized\"><img loading=\"lazy\" decoding=\"async\" src=\"https:\/\/www.milanosiamonoi.com\/wp-content\/uploads\/2020\/10\/26.12-M-e-avver-ec.jpg\" alt=\"\" class=\"wp-image-1933\" width=\"574\" height=\"325\" srcset=\"https:\/\/www.milanosiamonoi.com\/wp-content\/uploads\/2020\/10\/26.12-M-e-avver-ec.jpg 800w, https:\/\/www.milanosiamonoi.com\/wp-content\/uploads\/2020\/10\/26.12-M-e-avver-ec-300x171.jpg 300w, https:\/\/www.milanosiamonoi.com\/wp-content\/uploads\/2020\/10\/26.12-M-e-avver-ec-100x57.jpg 100w, https:\/\/www.milanosiamonoi.com\/wp-content\/uploads\/2020\/10\/26.12-M-e-avver-ec-50x28.jpg 50w, https:\/\/www.milanosiamonoi.com\/wp-content\/uploads\/2020\/10\/26.12-M-e-avver-ec-25x14.jpg 25w\" sizes=\"(max-width: 574px) 100vw, 574px\" \/><figcaption><em>Milanesi e avversari sulle Alpi svizzere.<\/em><\/figcaption><\/figure><\/div>\n\n\n\n<p class=\"has-text-align-center\">La novit\u00e0 in campo nazionale, \u00e8 che si gioca ufficialmente per il titolo di Campione d&#8217;Italia. Lo rende noto la carta stampata annunciando l&#8217;incontro tra Cortina e Milano in programma il 23 gennaio 1927 sul ghiaccio ampezzano del Revis. Con Calcaterra e Gobbi indisponibili, i milanesi partono per la trasferta in piena emergenza: ben cinque giocatori sono alla loro prima stagione e soprattutto tra i pali deve giocare il giovanissimo P. Piazza. Al termine di una gara combattuta il risultato \u00e8 di 1-1, al gol cortinese di Leo Menardi risponde Gianni Scotti ancora una volta capace di evidenziare le sue doti di tiro. Delusione per la squadra di casa, che si rende conto di non avere sfruttato al meglio l&#8217;enorme occasione offerta loro dalle assenze di Gobbi e Calcaterra. Per l&#8217;assegnazione del titolo servir\u00e0 un&#8217;altra partita.<\/p>\n\n\n\n<figure class=\"wp-block-table\"><table><tbody><tr><td><strong>Cortina, 23 gennaio 1927 &#8211; Campionato italiano<\/strong>.<\/td><\/tr><tr><td>Cortina-Milano 1-1<\/td><\/tr><tr><td>Milano: P. Piazza; G. Botturi, Bianchi; Redaelli, G. Scotti, D. Trovati; Roulet, G.M. Baroni<\/td><\/tr><tr><td>Reti: <em>Leo Menardi,<\/em> Gianni Scotti. <\/td><\/tr><tr><td>Nota: per &#8220;L&#8217;Ambrosiano&#8221; prima Gianni Scotti e poi <em>Leo Menardi.<\/em><\/td><\/tr><\/tbody><\/table><\/figure>\n\n\n\n<div class=\"wp-block-image\"><figure class=\"aligncenter size-large is-resized\"><img loading=\"lazy\" decoding=\"async\" src=\"https:\/\/www.milanosiamonoi.com\/wp-content\/uploads\/2020\/11\/27.01.23-foto-Milano-a-Cortina-1-1-bi.jpg\" alt=\"\" class=\"wp-image-2108\" width=\"570\" height=\"451\" srcset=\"https:\/\/www.milanosiamonoi.com\/wp-content\/uploads\/2020\/11\/27.01.23-foto-Milano-a-Cortina-1-1-bi.jpg 1022w, https:\/\/www.milanosiamonoi.com\/wp-content\/uploads\/2020\/11\/27.01.23-foto-Milano-a-Cortina-1-1-bi-300x237.jpg 300w, https:\/\/www.milanosiamonoi.com\/wp-content\/uploads\/2020\/11\/27.01.23-foto-Milano-a-Cortina-1-1-bi-768x608.jpg 768w, https:\/\/www.milanosiamonoi.com\/wp-content\/uploads\/2020\/11\/27.01.23-foto-Milano-a-Cortina-1-1-bi-100x79.jpg 100w, https:\/\/www.milanosiamonoi.com\/wp-content\/uploads\/2020\/11\/27.01.23-foto-Milano-a-Cortina-1-1-bi-50x40.jpg 50w, https:\/\/www.milanosiamonoi.com\/wp-content\/uploads\/2020\/11\/27.01.23-foto-Milano-a-Cortina-1-1-bi-25x20.jpg 25w, https:\/\/www.milanosiamonoi.com\/wp-content\/uploads\/2020\/11\/27.01.23-foto-Milano-a-Cortina-1-1-bi-740x586.jpg 740w\" sizes=\"(max-width: 570px) 100vw, 570px\" \/><figcaption><em>Da sinistra: P. Piazza, Gianni Scotti, ?, Decio Trovati, Redaelli, Guido Botturi&#8230;<\/em><\/figcaption><\/figure><\/div>\n\n\n\n<div class=\"wp-block-image\"><figure class=\"aligncenter size-large\"><img loading=\"lazy\" decoding=\"async\" width=\"987\" height=\"462\" src=\"https:\/\/www.milanosiamonoi.com\/wp-content\/uploads\/2020\/11\/27.01.23-Cor-e-M-1.jpg\" alt=\"\" class=\"wp-image-2000\" srcset=\"https:\/\/www.milanosiamonoi.com\/wp-content\/uploads\/2020\/11\/27.01.23-Cor-e-M-1.jpg 987w, https:\/\/www.milanosiamonoi.com\/wp-content\/uploads\/2020\/11\/27.01.23-Cor-e-M-1-300x140.jpg 300w, https:\/\/www.milanosiamonoi.com\/wp-content\/uploads\/2020\/11\/27.01.23-Cor-e-M-1-768x359.jpg 768w, https:\/\/www.milanosiamonoi.com\/wp-content\/uploads\/2020\/11\/27.01.23-Cor-e-M-1-100x47.jpg 100w, https:\/\/www.milanosiamonoi.com\/wp-content\/uploads\/2020\/11\/27.01.23-Cor-e-M-1-50x23.jpg 50w, https:\/\/www.milanosiamonoi.com\/wp-content\/uploads\/2020\/11\/27.01.23-Cor-e-M-1-25x12.jpg 25w, https:\/\/www.milanosiamonoi.com\/wp-content\/uploads\/2020\/11\/27.01.23-Cor-e-M-1-740x346.jpg 740w\" sizes=\"(max-width: 987px) 100vw, 987px\" \/><figcaption><em>Cortina in attacco.<\/em><\/figcaption><\/figure><\/div>\n\n\n\n<div class=\"wp-block-image\"><figure class=\"aligncenter size-large\"><img loading=\"lazy\" decoding=\"async\" width=\"632\" height=\"408\" src=\"https:\/\/www.milanosiamonoi.com\/wp-content\/uploads\/2020\/11\/27.01.23-Cor-e-M-piccola.jpg\" alt=\"\" class=\"wp-image-1998\" srcset=\"https:\/\/www.milanosiamonoi.com\/wp-content\/uploads\/2020\/11\/27.01.23-Cor-e-M-piccola.jpg 632w, https:\/\/www.milanosiamonoi.com\/wp-content\/uploads\/2020\/11\/27.01.23-Cor-e-M-piccola-300x194.jpg 300w, https:\/\/www.milanosiamonoi.com\/wp-content\/uploads\/2020\/11\/27.01.23-Cor-e-M-piccola-100x65.jpg 100w, https:\/\/www.milanosiamonoi.com\/wp-content\/uploads\/2020\/11\/27.01.23-Cor-e-M-piccola-50x32.jpg 50w, https:\/\/www.milanosiamonoi.com\/wp-content\/uploads\/2020\/11\/27.01.23-Cor-e-M-piccola-25x16.jpg 25w\" sizes=\"(max-width: 632px) 100vw, 632px\" \/><figcaption><em>Un difensore del Cortina ferma il disco su attacco del Milano.<\/em><\/figcaption><\/figure><\/div>\n\n\n\n<div class=\"wp-block-image\"><figure class=\"aligncenter size-large is-resized\"><img loading=\"lazy\" decoding=\"async\" src=\"https:\/\/www.milanosiamonoi.com\/wp-content\/uploads\/2020\/11\/27.01.23-Cor-e-M-Copia.jpg\" alt=\"\" class=\"wp-image-2077\" width=\"608\" height=\"397\" srcset=\"https:\/\/www.milanosiamonoi.com\/wp-content\/uploads\/2020\/11\/27.01.23-Cor-e-M-Copia.jpg 800w, https:\/\/www.milanosiamonoi.com\/wp-content\/uploads\/2020\/11\/27.01.23-Cor-e-M-Copia-300x197.jpg 300w, https:\/\/www.milanosiamonoi.com\/wp-content\/uploads\/2020\/11\/27.01.23-Cor-e-M-Copia-768x503.jpg 768w, https:\/\/www.milanosiamonoi.com\/wp-content\/uploads\/2020\/11\/27.01.23-Cor-e-M-Copia-100x66.jpg 100w, https:\/\/www.milanosiamonoi.com\/wp-content\/uploads\/2020\/11\/27.01.23-Cor-e-M-Copia-50x33.jpg 50w, https:\/\/www.milanosiamonoi.com\/wp-content\/uploads\/2020\/11\/27.01.23-Cor-e-M-Copia-25x16.jpg 25w, https:\/\/www.milanosiamonoi.com\/wp-content\/uploads\/2020\/11\/27.01.23-Cor-e-M-Copia-740x485.jpg 740w\" sizes=\"(max-width: 608px) 100vw, 608px\" \/><figcaption><em>A caccia del disco su attacco del Cortina.<\/em><\/figcaption><\/figure><\/div>\n\n\n\n<p class=\"has-text-align-center\">Dal 2 al 5 febbraio, Cortina con un concorso internazionale diventa la capitale mondiale dello sci di fondo. Nel bel mezzo di questo evento, Cortina e Milano scendono nuovamente sul ghiaccio del Revis, ma nessun giornale specifica che valore abbia questa partita. Nella tribuna d&#8217;onore, attorniato da numerose personalit\u00e0 governative e straniere, spicca la presenza del principe ereditario Umberto di Savoia. Vince il Milano (6-2) e in serata ricevimento e medaglie per tutti, resta il mistero: era la seconda partita di campionato?<\/p>\n\n\n\n<figure class=\"wp-block-table\"><table><tbody><tr><td><strong>Cortina, 4 febbraio 1927.<\/strong><\/td><\/tr><tr><td>Cortina-Milano 2-6 (2-2; 0-4)<\/td><\/tr><tr><td>Cortina: S. Costantini; L. Zambelli, E. Apollonio; Rinaldo Zardini, Leo Menardi, Francesco De Zanna.<\/td><\/tr><tr><td>Milano: Calcaterra; G. Botturi, Bianchi; D. Trovati, G. Scotti, Redaelli.<\/td><\/tr><tr><td>Reti: 1\u00b0t. <em>L. Menardi<\/em>, Redaelli, D. Trovati,<em> L. Menardi<\/em>. <\/td><\/tr><tr><td>2\u00b0t. D. Trovati, D. Trovati, G. Scotti, D. Trovati. Arbitro: Rinaldo Menardi.<\/td><\/tr><\/tbody><\/table><\/figure>\n\n\n\n<div class=\"wp-block-image\"><figure class=\"aligncenter size-large\"><img loading=\"lazy\" decoding=\"async\" width=\"608\" height=\"361\" src=\"https:\/\/www.milanosiamonoi.com\/wp-content\/uploads\/2020\/11\/27.02.04-foto-Cort-M-2-6-Ill.-It.-piccola.jpg\" alt=\"\" class=\"wp-image-2015\" srcset=\"https:\/\/www.milanosiamonoi.com\/wp-content\/uploads\/2020\/11\/27.02.04-foto-Cort-M-2-6-Ill.-It.-piccola.jpg 608w, https:\/\/www.milanosiamonoi.com\/wp-content\/uploads\/2020\/11\/27.02.04-foto-Cort-M-2-6-Ill.-It.-piccola-300x178.jpg 300w, https:\/\/www.milanosiamonoi.com\/wp-content\/uploads\/2020\/11\/27.02.04-foto-Cort-M-2-6-Ill.-It.-piccola-100x59.jpg 100w, https:\/\/www.milanosiamonoi.com\/wp-content\/uploads\/2020\/11\/27.02.04-foto-Cort-M-2-6-Ill.-It.-piccola-50x30.jpg 50w, https:\/\/www.milanosiamonoi.com\/wp-content\/uploads\/2020\/11\/27.02.04-foto-Cort-M-2-6-Ill.-It.-piccola-25x15.jpg 25w\" sizes=\"(max-width: 608px) 100vw, 608px\" \/><figcaption><em>4 febbraio 1927, Cortina e Milano in partita.<\/em> (Illustrazione italiana)<\/figcaption><\/figure><\/div>\n\n\n\n<p> <\/p>\n\n\n\n<p class=\"has-text-align-center\">Nel frattempo il commendator Mangili ha organizzato per fine febbraio il I torneo internazionale di Milano a cui parteciperanno il Milano, il Cortina, una selezione dei Grigioni e lo squadrone canadese Montreal Victoria. La partita tra milanesi e ampezzani vale sia come semifinale del torneo e sia come terzo scontro per la Coppa Cinzano. <\/p>\n\n\n\n<p class=\"has-text-align-center\">&#8220;La Gazzetta dello Sport&#8221; nel presentare questa partita scrive che nel corso della stagione le due squadre si sono gi\u00e0 incontrate per il titolo italiano, questo fa pensare che il secondo match giocato al Revis (6-2 per il Milano) fosse valido per l&#8217;assegnazione del titolo. Il 26 febbraio Milano batte il Cortina, si aggiudica definitivamente la Cinzano e per gli annuari editati nel corso degli anni \u00e8 per la terza volta Campione d&#8217;Italia. Sorprendentemente questi annuari non riportano nella rosa-campione n\u00e9 Francesco Roncarelli, alla sua partita d&#8217;esordio, n\u00e9 Ambrogio Gobbi, che in questa partita formavano la coppia difensiva! Gli annuari riportano tutti i nominativi delle due gare giocate a Cortina (1-1 e 6-2 per il Milano), con l&#8217;errore di citare Edoardo Piazza (ha smesso di giocare) al posto del portiere P. Piazza (Piazza III per i giornali), schierato nella prima partita per l&#8217;indisposizione di Calcaterra. Forse la partita di Milano non aveva a che fare con il campionato? A decidere l&#8217;assegnazione del titolo furono le due gare del Revis? Di certo, per il campionato, non \u00e8 stata giocata una sola partita.<\/p>\n\n\n\n<figure class=\"wp-block-table\"><table><tbody><tr><td><strong>Milano, 26 febbraio 1927<\/strong>.<\/td><\/tr><tr><td><strong>Coppa Cinzano, semifinale I torneo internazionale e camp. italiano.<\/strong><\/td><\/tr><tr><td>Milano-Cortina 7-1 (6-1; 1-0)<\/td><\/tr><tr><td>Milano: Calcaterra; Roncarelli, Gobbi; D. Trovati, G. Botturi, Redaelli.<\/td><\/tr><tr><td>Cortina: S. Costantini; L. Zambelli, E. Apollonio; Rinaldo Zardini, L. Menardi, F. De Zanna.<\/td><\/tr><tr><td>Reti: articoli senza marcatori. Si spera in giornali del Veneto.<\/td><\/tr><\/tbody><\/table><\/figure>\n\n\n\n<div class=\"wp-block-image\"><figure class=\"aligncenter size-large is-resized\"><img loading=\"lazy\" decoding=\"async\" src=\"https:\/\/www.milanosiamonoi.com\/wp-content\/uploads\/2020\/10\/27.02.26-M-e-Cort-libro-orig-e1604091254327.jpg\" alt=\"\" class=\"wp-image-1889\" width=\"577\" height=\"331\" srcset=\"https:\/\/www.milanosiamonoi.com\/wp-content\/uploads\/2020\/10\/27.02.26-M-e-Cort-libro-orig-e1604091254327.jpg 684w, https:\/\/www.milanosiamonoi.com\/wp-content\/uploads\/2020\/10\/27.02.26-M-e-Cort-libro-orig-e1604091254327-300x172.jpg 300w, https:\/\/www.milanosiamonoi.com\/wp-content\/uploads\/2020\/10\/27.02.26-M-e-Cort-libro-orig-e1604091254327-100x57.jpg 100w, https:\/\/www.milanosiamonoi.com\/wp-content\/uploads\/2020\/10\/27.02.26-M-e-Cort-libro-orig-e1604091254327-50x29.jpg 50w, https:\/\/www.milanosiamonoi.com\/wp-content\/uploads\/2020\/10\/27.02.26-M-e-Cort-libro-orig-e1604091254327-25x14.jpg 25w\" sizes=\"(max-width: 577px) 100vw, 577px\" \/><figcaption><em>26 febbraio 1927, Milano e Cortina nella foto di rito al Palazzo.<\/em><\/figcaption><\/figure><\/div>\n\n\n\n<figure class=\"wp-block-table aligncenter\"><table><tbody><tr><td><strong>Altre partite del I Torneo Internazionale di Milano<\/strong>.<\/td><\/tr><tr><td>26 febbraio 1927<\/td><\/tr><tr><td>II semifinale: Montreal Victoria-Sel. Grigioni 18-0<\/td><\/tr><tr><td>27 febbraio 1927<\/td><\/tr><tr><td>Finale 3\u00b0 posto: Sel. Grigioni-Cortina 6-0 (3-0; 3-0)<\/td><\/tr><\/tbody><\/table><\/figure>\n\n\n\n<p class=\"has-text-align-center\">Nella finalissima il Milano resiste allo squadrone canadese per un tempo, poi contro lo strapotere di tali maestri c&#8217;\u00e8 solo da provare a limitare il passivo. Il Victoria nella sua tourn\u00e9e europea ha sempre vinto e la partita in cui \u00e8 stato maggiormente impegnato \u00e8 stata quella organizzata a Vienna con il Resto d&#8217;Europa superato per 2-0. Frank Roncarelli e Decio Trovati si tolgono la soddisfazione di battere il goalie canadese.<\/p>\n\n\n\n<figure class=\"wp-block-table\"><table><tbody><tr><td><strong>27 febbraio 1927 &#8211; Finale I Torneo Internazionale di Milano<\/strong>.<\/td><\/tr><tr><td>Milano-Montreal Victoria 2-15 (1-2; 1-8; 0-5)<\/td><\/tr><tr><td>Milano: Calcaterra; Roncarelli, Gobbi; Bianchi; D. Trovati, G. Botturi, Redaelli; G. Scotti, G.M. Baroni.<\/td><\/tr><tr><td>Victoria: Beaudry; Campbell, Carlin, Lamb, Robinson, Bell, King, Bowles, Shilley.<\/td><\/tr><tr><td>Reti Milano: Roncarelli e Decio Trovati. Arbitro: Holland.<\/td><\/tr><\/tbody><\/table><\/figure>\n\n\n\n<figure class=\"wp-block-table aligncenter\"><table><tbody><tr><td><strong>1927<\/strong><\/td><td>Luogo<\/td><td><strong>Partita amichevole.<\/strong><\/td><td>Risultato<\/td><\/tr><tr><td>12 marzo<\/td><td>Milano<\/td><td>Milano-Villars<\/td><td>10-2 (4-0; 2-1; 4-1)<\/td><\/tr><\/tbody><\/table><\/figure>\n\n\n\n<p><\/p>\n\n\n\n<p class=\"has-text-align-center\">La stagione si conclude con un&#8217;amichevole con il Villars. Gli svizzeri,  nonostante siano poco allenati, onorano l&#8217;impegno preso in dicembre; a causa di un inverno particolarmente mite hanno potuto usufruire della loro pista naturale per un periodo troppo breve. Il Milano vince 10-2, Decio Trovati con sei reti fa la parte del leone, Redaelli (2), Guido Botturi e Roncarelli gli altri marcatori. Di Rigazio e Bucher i gol vallesani.<\/p>\n\n\n\n<figure class=\"wp-block-table\"><table><tbody><tr><td><strong><a href=\"https:\/\/www.milanosiamonoi.com\/index.php\/1925-1926\/\" data-type=\"page\" data-id=\"1875\">stagione precedente<\/a><\/strong><\/td><td class=\"has-text-align-right\" data-align=\"right\"><strong><a href=\"https:\/\/www.milanosiamonoi.com\/index.php\/1927-1928\/\" data-type=\"page\" data-id=\"2041\">stagione successiva<\/a><\/strong><\/td><\/tr><\/tbody><\/table><\/figure>\n","protected":false},"excerpt":{"rendered":"<p>Presidente onorario Alberto Bonacossa Presidente effettivo Emilio Botturi Allenatore Decio Trovati e Francesco Roncarelli. Ruolo Giocatori. P Enrico Calcaterra, Alberto De Bernardi, P. Piazza. D&#8230;<\/p>\n","protected":false},"author":1,"featured_media":0,"parent":1462,"menu_order":0,"comment_status":"closed","ping_status":"closed","template":"","meta":{"spay_email":"","footnotes":""},"_links":{"self":[{"href":"https:\/\/www.milanosiamonoi.com\/index.php\/wp-json\/wp\/v2\/pages\/1579"}],"collection":[{"href":"https:\/\/www.milanosiamonoi.com\/index.php\/wp-json\/wp\/v2\/pages"}],"about":[{"href":"https:\/\/www.milanosiamonoi.com\/index.php\/wp-json\/wp\/v2\/types\/page"}],"author":[{"embeddable":true,"href":"https:\/\/www.milanosiamonoi.com\/index.php\/wp-json\/wp\/v2\/users\/1"}],"replies":[{"embeddable":true,"href":"https:\/\/www.milanosiamonoi.com\/index.php\/wp-json\/wp\/v2\/comments?post=1579"}],"version-history":[{"count":88,"href":"https:\/\/www.milanosiamonoi.com\/index.php\/wp-json\/wp\/v2\/pages\/1579\/revisions"}],"predecessor-version":[{"id":20243,"href":"https:\/\/www.milanosiamonoi.com\/index.php\/wp-json\/wp\/v2\/pages\/1579\/revisions\/20243"}],"up":[{"embeddable":true,"href":"https:\/\/www.milanosiamonoi.com\/index.php\/wp-json\/wp\/v2\/pages\/1462"}],"wp:attachment":[{"href":"https:\/\/www.milanosiamonoi.com\/index.php\/wp-json\/wp\/v2\/media?parent=1579"}],"curies":[{"name":"wp","href":"https:\/\/api.w.org\/{rel}","templated":true}]}}