{"id":1547,"date":"2020-10-04T15:59:20","date_gmt":"2020-10-04T15:59:20","guid":{"rendered":"http:\/\/milanosiamonoi.com\/?page_id=1547"},"modified":"2025-03-20T16:42:11","modified_gmt":"2025-03-20T16:42:11","slug":"1924-25","status":"publish","type":"page","link":"https:\/\/www.milanosiamonoi.com\/index.php\/campionati\/dal-1924-al-1929-le-origini\/1924-25\/","title":{"rendered":"1923\/1924 HC Milano"},"content":{"rendered":"<div class=\"wp-block-image\">\n<figure class=\"aligncenter size-large\"><img loading=\"lazy\" decoding=\"async\" width=\"300\" height=\"300\" src=\"https:\/\/www.milanosiamonoi.com\/wp-content\/uploads\/2020\/10\/logo-hcm-300x300-1.jpg\" alt=\"\" class=\"wp-image-1734\" srcset=\"https:\/\/www.milanosiamonoi.com\/wp-content\/uploads\/2020\/10\/logo-hcm-300x300-1.jpg 300w, https:\/\/www.milanosiamonoi.com\/wp-content\/uploads\/2020\/10\/logo-hcm-300x300-1-150x150.jpg 150w, https:\/\/www.milanosiamonoi.com\/wp-content\/uploads\/2020\/10\/logo-hcm-300x300-1-100x100.jpg 100w, https:\/\/www.milanosiamonoi.com\/wp-content\/uploads\/2020\/10\/logo-hcm-300x300-1-50x50.jpg 50w, https:\/\/www.milanosiamonoi.com\/wp-content\/uploads\/2020\/10\/logo-hcm-300x300-1-25x25.jpg 25w, https:\/\/www.milanosiamonoi.com\/wp-content\/uploads\/2020\/10\/logo-hcm-300x300-1-90x90.jpg 90w\" sizes=\"(max-width: 300px) 100vw, 300px\" \/><\/figure><\/div>\n\n\n<figure class=\"wp-block-table aligncenter\"><table><tbody><tr><td>Presidente onorario<\/td><td>Alberto Bonacossa<\/td><\/tr><tr><td>Presidente effettivo<\/td><td>Ambrogio Gobbi<\/td><\/tr><tr><td>Allenatore<\/td><td>Leonhard Quaglia<\/td><\/tr><\/tbody><\/table><\/figure>\n\n\n\n<figure class=\"wp-block-table\"><table><tbody><tr><td class=\"has-text-align-center\" data-align=\"center\">Ruolo<\/td><td><strong>Giocatori<\/strong>.<\/td><\/tr><tr><td class=\"has-text-align-center\" data-align=\"center\">P<\/td><td>Enrico Calcaterra, Tullio Gattino, Guglielmo Levi, Segala.<\/td><\/tr><tr><td class=\"has-text-align-center\" data-align=\"center\">D<\/td><td>Victor Bachman, Emilio Botturi, Gaetano De Luca, Ambrogio Gobbi (C), Carlo Loewenthal, Pippo Orio, Poli.<\/td><\/tr><tr><td class=\"has-text-align-center\" data-align=\"center\">A<\/td><td>Cazzaniga, Ermolli, Ferri, Guglielmo Jervis, Leon Quaglia, Rudolf, Reto Trippi, Marco Urbano, Giovanni Vanni.<\/td><\/tr><tr><td class=\"has-text-align-center\" data-align=\"center\">Rinforzo<\/td><td>Tancredi Fassini (CPV Torino).<\/td><\/tr><\/tbody><\/table><\/figure>\n\n\n\n<p class=\"has-text-align-center\">Nel gennaio del 1924 Milano si \u00e8 dotata di un impianto sportivo da far invidia a tutto il mondo: un fantastico Palazzo del ghiaccio. Sorge nel rione di Porta Vittoria ed \u00e8 stato edificato in otto mesi per volere dell&#8217;industriale Marco Innocente Mangili, titolare della societ\u00e0 dei magazzini refrigeranti e del ghiaccio artificiale GONDRAND-MANGILI. La costruzione si trova a fianco del deposito della Frigoriferi Milanesi che in citt\u00e0 tutti chiamano familiarmente &#8220;la f\u00e0bbrica del gi\u00e0zz&#8221;. L&#8217;ideatore e &#8220;suggeritore&#8221; dell&#8217;opera \u00e8 il conte Alberto Bonacossa, pluricampione italiano di pattinaggio e membro del Comitato Olimpico Internazionale. L&#8217;hockey su ghiaccio milanese pu\u00f2 finalmente prendere forma seriamente e la costituzione di una squadra degna di tale nome \u00e8 nel breve cosa fatta. I colori sociali sono il bianco e il nero, ereditati dai rotellisti dello Skating Hockey Club Milan. La prima esibizione di chi ha partecipato con profitto ai corsi per conoscere e cimentarsi nel &#8220;nuovo&#8221; sport avviene il 3 febbraio, giorno in cui i milanesi scoprono l&#8217;hockey su ghiaccio.<\/p>\n\n\n<div class=\"wp-block-image is-resized\">\n<figure class=\"aligncenter size-large\"><img loading=\"lazy\" decoding=\"async\" width=\"800\" height=\"486\" src=\"https:\/\/www.milanosiamonoi.com\/wp-content\/uploads\/2020\/10\/24.02.03-MSN-scaled_from_to-1.jpg\" alt=\"\" class=\"wp-image-1640\" srcset=\"https:\/\/www.milanosiamonoi.com\/wp-content\/uploads\/2020\/10\/24.02.03-MSN-scaled_from_to-1.jpg 800w, https:\/\/www.milanosiamonoi.com\/wp-content\/uploads\/2020\/10\/24.02.03-MSN-scaled_from_to-1-300x182.jpg 300w, https:\/\/www.milanosiamonoi.com\/wp-content\/uploads\/2020\/10\/24.02.03-MSN-scaled_from_to-1-768x467.jpg 768w, https:\/\/www.milanosiamonoi.com\/wp-content\/uploads\/2020\/10\/24.02.03-MSN-scaled_from_to-1-100x61.jpg 100w, https:\/\/www.milanosiamonoi.com\/wp-content\/uploads\/2020\/10\/24.02.03-MSN-scaled_from_to-1-50x30.jpg 50w, https:\/\/www.milanosiamonoi.com\/wp-content\/uploads\/2020\/10\/24.02.03-MSN-scaled_from_to-1-25x15.jpg 25w, https:\/\/www.milanosiamonoi.com\/wp-content\/uploads\/2020\/10\/24.02.03-MSN-scaled_from_to-1-740x450.jpg 740w\" sizes=\"(max-width: 800px) 100vw, 800px\" \/><figcaption class=\"wp-element-caption\"><em>I protagonisti dell&#8217;esibizione del 3 febbraio.<\/em><\/figcaption><\/figure><\/div>\n\n\n<p class=\"has-text-align-center\">Il gruppo dei migliori cresce sotto le direttive del nazionale francese Leon Quaglia, &#8220;ingaggiato&#8221; dal sempre solerte conte Bonacossa ai Giochi olimpici di Chamonix e nel giro di qualche settimana si svolgono le prime partite amichevoli. A inaugurare la storia hockeistica del Milano \u00e8 la formazione torinese del Circolo Pattinatori del Valentino, prima squadra italiana di tutti i tempi. Va ricordato che in quegli anni le partite ufficiali si giocavano su due tempi, mentre per le amichevoli di volta in volta ci si accordava per la durata del match.<\/p>\n\n\n\n<figure class=\"wp-block-table aligncenter\"><table><tbody><tr><td><strong>1924<\/strong><\/td><td>Luogo<\/td><td><strong>Partite amichevoli.<\/strong><\/td><td>Risultato<\/td><\/tr><tr><td>17 febbraio<\/td><td>Milano<\/td><td>Milano-CPV Torino<\/td><td>1-4 (1-2; 0-2)<\/td><\/tr><tr><td>2 marzo<\/td><td>Milano<\/td><td>Milano-Bellerive Vevey<\/td><td>2-4 (0-0; 1-2: 1-2)<\/td><\/tr><tr><td>9 marzo<\/td><td>Caux<\/td><td>Bellerive Vevey-Milano<\/td><td>1-1<\/td><\/tr><tr><td>9 marzo<\/td><td>Caux<\/td><td>Bellerive Vevey II-Milano<\/td><td>2-5<\/td><\/tr><tr><td>15 marzo<\/td><td>Milano<\/td><td>Milano-Mista Spagna\/Francia<\/td><td>0-5 (0-1; 0-4)<\/td><\/tr><\/tbody><\/table><\/figure>\n\n\n<div class=\"wp-block-image is-resized\">\n<figure class=\"aligncenter size-large\"><img loading=\"lazy\" decoding=\"async\" width=\"609\" height=\"1024\" src=\"https:\/\/www.milanosiamonoi.com\/wp-content\/uploads\/2020\/10\/24.02.17-M-e-CPV-a-609x1024.jpg\" alt=\"Milano e CPV Torino 1924\" class=\"wp-image-1567\" srcset=\"https:\/\/www.milanosiamonoi.com\/wp-content\/uploads\/2020\/10\/24.02.17-M-e-CPV-a-609x1024.jpg 609w, https:\/\/www.milanosiamonoi.com\/wp-content\/uploads\/2020\/10\/24.02.17-M-e-CPV-a-179x300.jpg 179w, https:\/\/www.milanosiamonoi.com\/wp-content\/uploads\/2020\/10\/24.02.17-M-e-CPV-a-768x1291.jpg 768w, https:\/\/www.milanosiamonoi.com\/wp-content\/uploads\/2020\/10\/24.02.17-M-e-CPV-a-914x1536.jpg 914w, https:\/\/www.milanosiamonoi.com\/wp-content\/uploads\/2020\/10\/24.02.17-M-e-CPV-a-1219x2048.jpg 1219w, https:\/\/www.milanosiamonoi.com\/wp-content\/uploads\/2020\/10\/24.02.17-M-e-CPV-a-60x100.jpg 60w, https:\/\/www.milanosiamonoi.com\/wp-content\/uploads\/2020\/10\/24.02.17-M-e-CPV-a-30x50.jpg 30w, https:\/\/www.milanosiamonoi.com\/wp-content\/uploads\/2020\/10\/24.02.17-M-e-CPV-a-15x25.jpg 15w, https:\/\/www.milanosiamonoi.com\/wp-content\/uploads\/2020\/10\/24.02.17-M-e-CPV-a-1126x1892.jpg 1126w, https:\/\/www.milanosiamonoi.com\/wp-content\/uploads\/2020\/10\/24.02.17-M-e-CPV-a-740x1244.jpg 740w, https:\/\/www.milanosiamonoi.com\/wp-content\/uploads\/2020\/10\/24.02.17-M-e-CPV-a-scaled.jpg 1523w\" sizes=\"(max-width: 609px) 100vw, 609px\" \/><figcaption class=\"wp-element-caption\"><em>Articolo su Milano-CPV Torino. (La Domenica Sportiva).<\/em><\/figcaption><\/figure><\/div>\n\n\n<figure class=\"wp-block-image size-large\"><img loading=\"lazy\" decoding=\"async\" width=\"1024\" height=\"470\" src=\"https:\/\/www.milanosiamonoi.com\/wp-content\/uploads\/2020\/10\/24.03.02-M-e-Bell-b-1024x470.jpg\" alt=\"Milano e Bellerive 1924\" class=\"wp-image-1568\" srcset=\"https:\/\/www.milanosiamonoi.com\/wp-content\/uploads\/2020\/10\/24.03.02-M-e-Bell-b-1024x470.jpg 1024w, https:\/\/www.milanosiamonoi.com\/wp-content\/uploads\/2020\/10\/24.03.02-M-e-Bell-b-300x138.jpg 300w, https:\/\/www.milanosiamonoi.com\/wp-content\/uploads\/2020\/10\/24.03.02-M-e-Bell-b-768x352.jpg 768w, https:\/\/www.milanosiamonoi.com\/wp-content\/uploads\/2020\/10\/24.03.02-M-e-Bell-b-1536x705.jpg 1536w, https:\/\/www.milanosiamonoi.com\/wp-content\/uploads\/2020\/10\/24.03.02-M-e-Bell-b-2048x939.jpg 2048w, https:\/\/www.milanosiamonoi.com\/wp-content\/uploads\/2020\/10\/24.03.02-M-e-Bell-b-100x46.jpg 100w, https:\/\/www.milanosiamonoi.com\/wp-content\/uploads\/2020\/10\/24.03.02-M-e-Bell-b-50x23.jpg 50w, https:\/\/www.milanosiamonoi.com\/wp-content\/uploads\/2020\/10\/24.03.02-M-e-Bell-b-25x11.jpg 25w, https:\/\/www.milanosiamonoi.com\/wp-content\/uploads\/2020\/10\/24.03.02-M-e-Bell-b-1126x517.jpg 1126w, https:\/\/www.milanosiamonoi.com\/wp-content\/uploads\/2020\/10\/24.03.02-M-e-Bell-b-740x339.jpg 740w\" sizes=\"(max-width: 1024px) 100vw, 1024px\" \/><figcaption class=\"wp-element-caption\"><em>2 marzo 1924, Milano e Bellerive in posa per la foto di rito. (La Domenica Sportiva).<\/em><\/figcaption><\/figure>\n\n\n\n<p class=\"has-text-align-center\">A pochi mesi dalla sua inaugurazione il Palazzo del ghiaccio ospita il campionato d&#8217;Europa di hockey su ghiaccio. La formazione italiana \u00e8 formata da giocatori del Milano e del CPV Torino. Opposti a squadre che masticano hockey da anni i nostri colori escono immediatamente di scena. In finale la Francia di Leon Quaglia batte a sorpresa la favorita Svezia e si laurea per la prima e unica volta campione d&#8217;Europa. <\/p>\n\n\n\n<figure class=\"wp-block-table\"><table><tbody><tr><td><strong>Milano, 15 marzo 1924 &#8211; Campionato d&#8217;Europa<\/strong> <strong>&#8211; Girone B<\/strong><\/td><\/tr><tr><td>Italia-Francia 0-12 (0-7; 0-5)<\/td><\/tr><tr><td>Italia: Gattino, Guido e Luigi Mazza; Gobbi, Trippi, E. Botturi; Fassini, Pio Mazza.<\/td><\/tr><tr><td>Francia: George; Charpentier, Charlet; De Rauch, Quaglia, Hassler; Monnard, Grunwald.<\/td><\/tr><tr><td>Reti: 1\u00b0t. Hassler (2), De Rauch (4), Hassler. 2\u00b0t. Monnard, Quaglia, Grunwald, De Rauch (2).<\/td><\/tr><tr><td>Arbitro: Poplimont (Belgio).<\/td><\/tr><\/tbody><\/table><\/figure>\n\n\n<div class=\"wp-block-image is-resized\">\n<figure class=\"aligncenter size-large\"><img loading=\"lazy\" decoding=\"async\" width=\"800\" height=\"455\" src=\"https:\/\/www.milanosiamonoi.com\/wp-content\/uploads\/2021\/01\/italia_camp_eu_1924-1.jpg\" alt=\"\" class=\"wp-image-3894\" srcset=\"https:\/\/www.milanosiamonoi.com\/wp-content\/uploads\/2021\/01\/italia_camp_eu_1924-1.jpg 800w, https:\/\/www.milanosiamonoi.com\/wp-content\/uploads\/2021\/01\/italia_camp_eu_1924-1-300x171.jpg 300w, https:\/\/www.milanosiamonoi.com\/wp-content\/uploads\/2021\/01\/italia_camp_eu_1924-1-768x437.jpg 768w, https:\/\/www.milanosiamonoi.com\/wp-content\/uploads\/2021\/01\/italia_camp_eu_1924-1-100x57.jpg 100w, https:\/\/www.milanosiamonoi.com\/wp-content\/uploads\/2021\/01\/italia_camp_eu_1924-1-50x28.jpg 50w, https:\/\/www.milanosiamonoi.com\/wp-content\/uploads\/2021\/01\/italia_camp_eu_1924-1-25x14.jpg 25w, https:\/\/www.milanosiamonoi.com\/wp-content\/uploads\/2021\/01\/italia_camp_eu_1924-1-740x421.jpg 740w\" sizes=\"(max-width: 800px) 100vw, 800px\" \/><figcaption class=\"wp-element-caption\"><em>La squadra italiana nella partita con la Francia.<\/em><\/figcaption><\/figure><\/div>\n\n\n<figure class=\"wp-block-table\"><table><tbody><tr><td><strong>Milano, 16 marzo 1924 &#8211; Campionato d&#8217;Europa<\/strong> <strong>&#8211; Girone B<\/strong><\/td><\/tr><tr><td>Italia-Belgio 0-4 (0-3; 0-1)<\/td><\/tr><tr><td>Italia: Gattino, Guido e Luigi Mazza; Trippi, E. Botturi, Pio Mazza; Gobbi, Fassini.<\/td><\/tr><tr><td>Belgio: Chotteau; Franck, De Ridder; Kreitz, Poplimont, Van den Driessche.<\/td><\/tr><tr><td>Reti: 1\u00b0t. 4&#8217;50&#8221; e 5&#8217;48&#8221; Van den Driessche, 17&#8217;55 Poplimont. 3\u00b0t. 18&#8217;36&#8221; Kreitz.<\/td><\/tr><tr><td>Arbitro: Robert George (Francia).<\/td><\/tr><\/tbody><\/table><\/figure>\n\n\n<div class=\"wp-block-image is-resized\">\n<figure class=\"aligncenter size-large\"><img loading=\"lazy\" decoding=\"async\" width=\"800\" height=\"455\" src=\"https:\/\/www.milanosiamonoi.com\/wp-content\/uploads\/2020\/10\/24.03.16-I-B-ec-scaled_msn-2.jpg\" alt=\"\" class=\"wp-image-1623\" srcset=\"https:\/\/www.milanosiamonoi.com\/wp-content\/uploads\/2020\/10\/24.03.16-I-B-ec-scaled_msn-2.jpg 800w, https:\/\/www.milanosiamonoi.com\/wp-content\/uploads\/2020\/10\/24.03.16-I-B-ec-scaled_msn-2-300x171.jpg 300w, https:\/\/www.milanosiamonoi.com\/wp-content\/uploads\/2020\/10\/24.03.16-I-B-ec-scaled_msn-2-768x437.jpg 768w, https:\/\/www.milanosiamonoi.com\/wp-content\/uploads\/2020\/10\/24.03.16-I-B-ec-scaled_msn-2-100x57.jpg 100w, https:\/\/www.milanosiamonoi.com\/wp-content\/uploads\/2020\/10\/24.03.16-I-B-ec-scaled_msn-2-50x28.jpg 50w, https:\/\/www.milanosiamonoi.com\/wp-content\/uploads\/2020\/10\/24.03.16-I-B-ec-scaled_msn-2-25x14.jpg 25w, https:\/\/www.milanosiamonoi.com\/wp-content\/uploads\/2020\/10\/24.03.16-I-B-ec-scaled_msn-2-740x421.jpg 740w\" sizes=\"(max-width: 800px) 100vw, 800px\" \/><figcaption class=\"wp-element-caption\"><em>Fase di gioco di Italia-Belgio.<\/em><\/figcaption><\/figure><\/div>\n\n\n<figure class=\"wp-block-table\"><table><tbody><tr><td><\/td><td class=\"has-text-align-right\" data-align=\"right\"><strong><a href=\"https:\/\/www.milanosiamonoi.com\/index.php\/1924-1925\/\" data-type=\"page\" data-id=\"1819\">stagione successiva<\/a><\/strong><\/td><\/tr><\/tbody><\/table><\/figure>\n","protected":false},"excerpt":{"rendered":"<p>Presidente onorario Alberto Bonacossa Presidente effettivo Ambrogio Gobbi Allenatore Leonhard Quaglia Ruolo Giocatori. P Enrico Calcaterra, Tullio Gattino, Guglielmo Levi, Segala. D Victor Bachman, Emilio&#8230;<\/p>\n","protected":false},"author":1,"featured_media":0,"parent":1462,"menu_order":0,"comment_status":"closed","ping_status":"closed","template":"","meta":{"spay_email":"","footnotes":""},"_links":{"self":[{"href":"https:\/\/www.milanosiamonoi.com\/index.php\/wp-json\/wp\/v2\/pages\/1547"}],"collection":[{"href":"https:\/\/www.milanosiamonoi.com\/index.php\/wp-json\/wp\/v2\/pages"}],"about":[{"href":"https:\/\/www.milanosiamonoi.com\/index.php\/wp-json\/wp\/v2\/types\/page"}],"author":[{"embeddable":true,"href":"https:\/\/www.milanosiamonoi.com\/index.php\/wp-json\/wp\/v2\/users\/1"}],"replies":[{"embeddable":true,"href":"https:\/\/www.milanosiamonoi.com\/index.php\/wp-json\/wp\/v2\/comments?post=1547"}],"version-history":[{"count":59,"href":"https:\/\/www.milanosiamonoi.com\/index.php\/wp-json\/wp\/v2\/pages\/1547\/revisions"}],"predecessor-version":[{"id":20240,"href":"https:\/\/www.milanosiamonoi.com\/index.php\/wp-json\/wp\/v2\/pages\/1547\/revisions\/20240"}],"up":[{"embeddable":true,"href":"https:\/\/www.milanosiamonoi.com\/index.php\/wp-json\/wp\/v2\/pages\/1462"}],"wp:attachment":[{"href":"https:\/\/www.milanosiamonoi.com\/index.php\/wp-json\/wp\/v2\/media?parent=1547"}],"curies":[{"name":"wp","href":"https:\/\/api.w.org\/{rel}","templated":true}]}}