{"id":1471,"date":"2022-05-01T00:00:00","date_gmt":"2022-05-01T00:00:00","guid":{"rendered":"http:\/\/milanosiamonoi.com\/?page_id=1471"},"modified":"2023-05-09T15:43:29","modified_gmt":"2023-05-09T15:43:29","slug":"dal-1960-al-1969-vs-cortina","status":"publish","type":"page","link":"https:\/\/www.milanosiamonoi.com\/index.php\/campionati\/dal-1960-al-1969-vs-cortina\/","title":{"rendered":"Dal 1960 al 1969: vs Cortina"},"content":{"rendered":"\n<p class=\"has-text-align-center\">Il 28 novembre 1959 il presidente FISG Enrico Calcaterra crea e presiede la <strong>Commissione Nazionale Arbitri <\/strong>di hockey su ghiaccio, la compongono altri due membri: Ernesto Iscaki e Sigfrido Mech. I direttori di gara si dividono in tre gruppi; gli internazionali, i nazionali e gli aspiranti, quest&#8217;ultimi dirigono incontri dei campionati di Promozione e allievi.<\/p>\n\n\n\n<figure class=\"wp-block-table aligncenter\"><table><tbody><tr><td><strong>Arbitri internazionali<\/strong><\/td><td><strong>Sede<\/strong><\/td><td><strong>Aspiranti arbitri<\/strong><\/td><td><strong>Sede<\/strong><\/td><\/tr><tr><td>Renato Besostri<\/td><td>Milano<\/td><td>Egon Bertoluzza<\/td><td>Varese<\/td><\/tr><tr><td>Giulio Demetz<\/td><td>Ortisei<\/td><td>Marcello Bizzarri<\/td><td>Bolzano<\/td><\/tr><tr><td>Gherardo Galetti<\/td><td>Milano<\/td><td>Luigi Camin<\/td><td>Bolzano<\/td><\/tr><tr><td>Roman Gasser<\/td><td>Bolzano<\/td><td>Alberto Cattaruzza<\/td><td>Auronzo<\/td><\/tr><tr><td>Augusto Gerosa<\/td><td>Milano<\/td><td>Goffredo Fumagalli<\/td><td>Cortina<\/td><\/tr><tr><td>Giannino Munarin<\/td><td>Auronzo<\/td><td>Luigi Garlaschi<\/td><td>Milano<\/td><\/tr><tr><td>Bruno Stenico<\/td><td>Bolzano<\/td><td>Adolf Girtler<\/td><td>Vipiteno<\/td><\/tr><tr><td><strong>Arbitri nazionali<\/strong><\/td><td><\/td><td>Luigi Pais de Libera<\/td><td>Auronzo<\/td><\/tr><tr><td>Claudio Apollonio<\/td><td>Cortina<\/td><td>Giuseppe Riffeser<\/td><td>Ortisei<\/td><\/tr><tr><td>Guido Coppini<\/td><td>Milano<\/td><td>Carlo Signorini<\/td><td>Milano<\/td><\/tr><tr><td>Angelo Costazza<\/td><td>Bolzano<\/td><td>Pier Paolo Sommariva<\/td><td>Milano<\/td><\/tr><tr><td>Mario Saudati<\/td><td>Milano<\/td><td>Paolo Steffenini<\/td><td>Milano<\/td><\/tr><tr><td>Pierino Talamona<\/td><td>Torino<\/td><td>Cesare Tadini<\/td><td>Milano<\/td><\/tr><tr><td><\/td><td><\/td><td>Clito Tedoldi<\/td><td>Madesimo<\/td><\/tr><tr><td><\/td><td><\/td><td>Giuseppe Timpano<\/td><td>Vicenza<\/td><\/tr><tr><td><\/td><td><\/td><td>Alfio Tuzzi<\/td><td>Milano<\/td><\/tr><\/tbody><\/table><\/figure>\n\n\n\n<p class=\"has-text-align-center\">La decade inizia con la vittoria dei Diavoli in campionato: Bolzano sconfitto e superato in classifica nell&#8217;ultima partita. Quello del 1960 \u00e8 l&#8217;ultimo scudetto dei celebrati assi dell&#8217;hockey milanese: Bolla, Bedogni, Agazzi, Crotti e Branduardi. Il tempo non si ferma, anno dopo anno lasceranno tutti la pista da gioco, solo Gianpiero Branduardi continuer\u00e0 con grande passione anche nei primi anni Settanta.<\/p>\n\n\n\n<figure class=\"wp-block-image size-large\"><img loading=\"lazy\" decoding=\"async\" width=\"878\" height=\"703\" src=\"https:\/\/www.milanosiamonoi.com\/wp-content\/uploads\/2022\/01\/60.02.17-A-DM-Bz-7-4-scudetto-quatter.jpg\" alt=\"\" class=\"wp-image-12091\" srcset=\"https:\/\/www.milanosiamonoi.com\/wp-content\/uploads\/2022\/01\/60.02.17-A-DM-Bz-7-4-scudetto-quatter.jpg 878w, https:\/\/www.milanosiamonoi.com\/wp-content\/uploads\/2022\/01\/60.02.17-A-DM-Bz-7-4-scudetto-quatter-300x240.jpg 300w, https:\/\/www.milanosiamonoi.com\/wp-content\/uploads\/2022\/01\/60.02.17-A-DM-Bz-7-4-scudetto-quatter-768x615.jpg 768w, https:\/\/www.milanosiamonoi.com\/wp-content\/uploads\/2022\/01\/60.02.17-A-DM-Bz-7-4-scudetto-quatter-100x80.jpg 100w, https:\/\/www.milanosiamonoi.com\/wp-content\/uploads\/2022\/01\/60.02.17-A-DM-Bz-7-4-scudetto-quatter-50x40.jpg 50w, https:\/\/www.milanosiamonoi.com\/wp-content\/uploads\/2022\/01\/60.02.17-A-DM-Bz-7-4-scudetto-quatter-25x20.jpg 25w, https:\/\/www.milanosiamonoi.com\/wp-content\/uploads\/2022\/01\/60.02.17-A-DM-Bz-7-4-scudetto-quatter-740x593.jpg 740w\" sizes=\"(max-width: 878px) 100vw, 878px\" \/><figcaption><em>Articolo da &#8220;La Gazzetta dello Sport&#8221;.<\/em><\/figcaption><\/figure>\n\n\n\n<p class=\"has-text-align-center\">L&#8217;anno seguente ultima partecipazione alla Coppa Spengler. Nel pi\u00f9 antico torneo ad inviti della storia dell&#8217;hockey, partita d&#8217;addio con i padroni di casa. La situazione economica dei Diavoli non \u00e8 florida, gli appassionati dirigenti che ogni anno mettono mano al portafoglio per allestire una squadra competitiva sono pochi, difficile capire per quale motivo non ci sia stato da subito un &#8220;abbinamento pubblicitario&#8221;. Altre compagini ne usufruiscono, alcune a singhiozzo, ma questo aiuto \u00e8 ormai indispensabile. I Diavoli ci arriveranno solo nel 1967 con il marchio VOV. Sorge il dubbio che l&#8217;ostacolo pi\u00f9 ostico fosse rappresentato da un campionato maggiore sempre troppo povero di squadre, causato verosimilmente dell&#8217;insufficiente numero di impianti artificiali esistenti e dal conseguente basso numero di praticanti\/tesserati in grado di affrontarlo: aziende e marchi di fabbrica orientati verso altri sport.<\/p>\n\n\n\n<div class=\"wp-block-image\"><figure class=\"aligncenter size-large is-resized\"><img loading=\"lazy\" decoding=\"async\" src=\"https:\/\/www.milanosiamonoi.com\/wp-content\/uploads\/2022\/01\/61.12.30-Davos-DM-4-2-Spen-433x1024.jpg\" alt=\"\" class=\"wp-image-12038\" width=\"385\" height=\"911\" srcset=\"https:\/\/www.milanosiamonoi.com\/wp-content\/uploads\/2022\/01\/61.12.30-Davos-DM-4-2-Spen-433x1024.jpg 433w, https:\/\/www.milanosiamonoi.com\/wp-content\/uploads\/2022\/01\/61.12.30-Davos-DM-4-2-Spen-127x300.jpg 127w, https:\/\/www.milanosiamonoi.com\/wp-content\/uploads\/2022\/01\/61.12.30-Davos-DM-4-2-Spen-768x1815.jpg 768w, https:\/\/www.milanosiamonoi.com\/wp-content\/uploads\/2022\/01\/61.12.30-Davos-DM-4-2-Spen-650x1536.jpg 650w, https:\/\/www.milanosiamonoi.com\/wp-content\/uploads\/2022\/01\/61.12.30-Davos-DM-4-2-Spen-42x100.jpg 42w, https:\/\/www.milanosiamonoi.com\/wp-content\/uploads\/2022\/01\/61.12.30-Davos-DM-4-2-Spen-21x50.jpg 21w, https:\/\/www.milanosiamonoi.com\/wp-content\/uploads\/2022\/01\/61.12.30-Davos-DM-4-2-Spen-11x25.jpg 11w, https:\/\/www.milanosiamonoi.com\/wp-content\/uploads\/2022\/01\/61.12.30-Davos-DM-4-2-Spen-740x1749.jpg 740w, https:\/\/www.milanosiamonoi.com\/wp-content\/uploads\/2022\/01\/61.12.30-Davos-DM-4-2-Spen-scaled.jpg 1083w\" sizes=\"(max-width: 385px) 100vw, 385px\" \/><figcaption><em>Articolo da &#8220;La Gazzetta dello Sport&#8221;<\/em>.<\/figcaption><\/figure><\/div>\n\n\n\n<p class=\"has-text-align-center\">Non semplice nemmeno il cammino della Nazionale. Passata la sbornia della Cortina olimpica, si registra la mancata partecipazione ai Giochi di Squaw Valley del 1960. La Giunta Esecutiva del CONI respinge la richiesta d&#8217;iscrizione al torneo olimpico della FISG, negli USA andranno solo velocisti e pattinatrici dell&#8217;artistico, gli azzurri dovranno attendere il 1964 (Olimpiadi di Innsbruck). In Tirolo impossibile competere con gli squadroni che da anni si staccano nettamente dal gruppo di nazionali che gareggiano per il girone di classificazione\/consolazione di cui gli azzurri fanno parte. E&#8217; un divario destinato a un incremento tale che per tornare a parteciparvi l&#8217;hockey italiano dovr\u00e0 attendere ben venti anni (Sarajevo 1984). Lo stesso divario porter\u00e0 la Federazione internazionale a dividere le nazionali in tre gruppi di valore ben distinti tra loro e regolati dal meccanismo promozione\/retrocessione.<\/p>\n\n\n\n<div class=\"wp-block-image\"><figure class=\"aligncenter size-large is-resized\"><img loading=\"lazy\" decoding=\"async\" src=\"https:\/\/www.milanosiamonoi.com\/wp-content\/uploads\/2022\/01\/64.01.-card-Innsbruck-Olimpiadi-1964-1.jpg\" alt=\"\" class=\"wp-image-12036\" width=\"447\" height=\"611\" srcset=\"https:\/\/www.milanosiamonoi.com\/wp-content\/uploads\/2022\/01\/64.01.-card-Innsbruck-Olimpiadi-1964-1.jpg 600w, https:\/\/www.milanosiamonoi.com\/wp-content\/uploads\/2022\/01\/64.01.-card-Innsbruck-Olimpiadi-1964-1-219x300.jpg 219w, https:\/\/www.milanosiamonoi.com\/wp-content\/uploads\/2022\/01\/64.01.-card-Innsbruck-Olimpiadi-1964-1-73x100.jpg 73w, https:\/\/www.milanosiamonoi.com\/wp-content\/uploads\/2022\/01\/64.01.-card-Innsbruck-Olimpiadi-1964-1-37x50.jpg 37w, https:\/\/www.milanosiamonoi.com\/wp-content\/uploads\/2022\/01\/64.01.-card-Innsbruck-Olimpiadi-1964-1-18x25.jpg 18w\" sizes=\"(max-width: 447px) 100vw, 447px\" \/><\/figure><\/div>\n\n\n\n<p class=\"has-text-align-center\">Il decennio \u00e8 dominato dal Cortina; dal 1961 al 1969 sette titoli nazionali su nove con le parentesi del primo scudetto della loro storia per Bolzano (1962\/63) e Gardena (1968\/69). I Diavoli ne perdono due (1961 e 1968) dopo spareggio con gli ampezzani. Analizzando le stagioni e immaginando uno sforzo economico superiore, almeno altri due titoli avrebbero potuto arricchire il palmares biancorosso. Nel campionato vinto dal Bolzano, tenendo conto di quanto in &#8220;pochi&#8221; si giocava, la dirigenza milanese perde Igino Larese Fece (Torino), Toto Guccione (impegni professionali), e non convince Edmund Rabanser a ritornare a Milano. Parliamo di tre giocatori nel giro della Nazionale. Stessa considerazione per il torneo perso allo spareggio nel 1968. Se da una parte c&#8217;\u00e8 l&#8217;impegno per ingaggiare mezzo Alleghe, d&#8217;altro canto se ne vanno a Torino due azzurrabili come Renato Brivio ed Ernesto Paracchini insieme a Giorgio Rigamonti che risulter\u00e0 il migliore marcatore italiano della formazione piemontese.<\/p>\n\n\n\n<div class=\"wp-block-image\"><figure class=\"aligncenter size-large\"><img loading=\"lazy\" decoding=\"async\" width=\"695\" height=\"294\" src=\"https:\/\/www.milanosiamonoi.com\/wp-content\/uploads\/2022\/01\/67.12.-foto-RB-GR-EP-Torino-1-3.jpg\" alt=\"\" class=\"wp-image-12110\" srcset=\"https:\/\/www.milanosiamonoi.com\/wp-content\/uploads\/2022\/01\/67.12.-foto-RB-GR-EP-Torino-1-3.jpg 695w, https:\/\/www.milanosiamonoi.com\/wp-content\/uploads\/2022\/01\/67.12.-foto-RB-GR-EP-Torino-1-3-300x127.jpg 300w, https:\/\/www.milanosiamonoi.com\/wp-content\/uploads\/2022\/01\/67.12.-foto-RB-GR-EP-Torino-1-3-100x42.jpg 100w, https:\/\/www.milanosiamonoi.com\/wp-content\/uploads\/2022\/01\/67.12.-foto-RB-GR-EP-Torino-1-3-50x21.jpg 50w, https:\/\/www.milanosiamonoi.com\/wp-content\/uploads\/2022\/01\/67.12.-foto-RB-GR-EP-Torino-1-3-25x11.jpg 25w\" sizes=\"(max-width: 695px) 100vw, 695px\" \/><figcaption><em>Ernesto Paracchini, Renato Brivio e Giorgio Rigamonti in maglia HC Torino.<\/em><\/figcaption><\/figure><\/div>\n\n\n\n<p class=\"has-text-align-center\"> <\/p>\n\n\n\n<div class=\"wp-block-image\"><figure class=\"aligncenter size-large\"><img loading=\"lazy\" decoding=\"async\" width=\"600\" height=\"782\" src=\"https:\/\/www.milanosiamonoi.com\/wp-content\/uploads\/2022\/01\/68.03.16-A-Cort-DM-7-5-Corsera-sist..jpg\" alt=\"\" class=\"wp-image-12039\" srcset=\"https:\/\/www.milanosiamonoi.com\/wp-content\/uploads\/2022\/01\/68.03.16-A-Cort-DM-7-5-Corsera-sist..jpg 600w, https:\/\/www.milanosiamonoi.com\/wp-content\/uploads\/2022\/01\/68.03.16-A-Cort-DM-7-5-Corsera-sist.-230x300.jpg 230w, https:\/\/www.milanosiamonoi.com\/wp-content\/uploads\/2022\/01\/68.03.16-A-Cort-DM-7-5-Corsera-sist.-77x100.jpg 77w, https:\/\/www.milanosiamonoi.com\/wp-content\/uploads\/2022\/01\/68.03.16-A-Cort-DM-7-5-Corsera-sist.-38x50.jpg 38w, https:\/\/www.milanosiamonoi.com\/wp-content\/uploads\/2022\/01\/68.03.16-A-Cort-DM-7-5-Corsera-sist.-19x25.jpg 19w\" sizes=\"(max-width: 600px) 100vw, 600px\" \/><figcaption><em>Articolo da &#8220;Il Corriere della Sera&#8221;.<\/em><\/figcaption><\/figure><\/div>\n\n\n\n<div class=\"wp-block-image\"><figure class=\"aligncenter size-large\"><img loading=\"lazy\" decoding=\"async\" width=\"864\" height=\"646\" src=\"https:\/\/www.milanosiamonoi.com\/wp-content\/uploads\/2022\/01\/67.11-foto-DM-Valter-Fill.jpg\" alt=\"\" class=\"wp-image-12078\" srcset=\"https:\/\/www.milanosiamonoi.com\/wp-content\/uploads\/2022\/01\/67.11-foto-DM-Valter-Fill.jpg 864w, https:\/\/www.milanosiamonoi.com\/wp-content\/uploads\/2022\/01\/67.11-foto-DM-Valter-Fill-300x224.jpg 300w, https:\/\/www.milanosiamonoi.com\/wp-content\/uploads\/2022\/01\/67.11-foto-DM-Valter-Fill-768x574.jpg 768w, https:\/\/www.milanosiamonoi.com\/wp-content\/uploads\/2022\/01\/67.11-foto-DM-Valter-Fill-100x75.jpg 100w, https:\/\/www.milanosiamonoi.com\/wp-content\/uploads\/2022\/01\/67.11-foto-DM-Valter-Fill-50x37.jpg 50w, https:\/\/www.milanosiamonoi.com\/wp-content\/uploads\/2022\/01\/67.11-foto-DM-Valter-Fill-25x19.jpg 25w, https:\/\/www.milanosiamonoi.com\/wp-content\/uploads\/2022\/01\/67.11-foto-DM-Valter-Fill-740x553.jpg 740w, https:\/\/www.milanosiamonoi.com\/wp-content\/uploads\/2022\/01\/67.11-foto-DM-Valter-Fill-480x360.jpg 480w\" sizes=\"(max-width: 864px) 100vw, 864px\" \/><figcaption><em>Da sinistra in piedi: Ruzicka, Adair, Andrea e Marco Lusena, Nucci, Orazio De Toni, Rudatis, Gallo, Walter De Toni, Branduardi. In prima fila: La Fisca-Fill, Werner Holzner, Viale, Favaro, Renato e Orlando De Toni, il massaggiatore Pratellesi.<\/em><\/figcaption><\/figure><\/div>\n\n\n\n<p class=\"has-text-align-center\">Alla fine della carriera, anzi, delle carriere da giocatore (Tino Crotti oltre ad essere stato un asso dell&#8217;hockey su ghiaccio \u00e8 riuscito nell&#8217;impresa di imporsi anche in quello su pista indossando la maglia azzurra anche in quest&#8217;altro sport), avvalendosi della collaborazione del giornalista del settore Mario Forte scrive un libro dedicato allo sport che pi\u00f9 ha amato. Viene pubblicato nel 1969 da De Vecchi Editore. <\/p>\n\n\n\n<div class=\"wp-block-image\"><figure class=\"aligncenter size-large\"><img loading=\"lazy\" decoding=\"async\" width=\"576\" height=\"569\" src=\"https:\/\/www.milanosiamonoi.com\/wp-content\/uploads\/2022\/01\/69.-foto-libro-Crotti-DM-libro-MFeTC.jpg\" alt=\"\" class=\"wp-image-12040\" srcset=\"https:\/\/www.milanosiamonoi.com\/wp-content\/uploads\/2022\/01\/69.-foto-libro-Crotti-DM-libro-MFeTC.jpg 576w, https:\/\/www.milanosiamonoi.com\/wp-content\/uploads\/2022\/01\/69.-foto-libro-Crotti-DM-libro-MFeTC-300x296.jpg 300w, https:\/\/www.milanosiamonoi.com\/wp-content\/uploads\/2022\/01\/69.-foto-libro-Crotti-DM-libro-MFeTC-100x100.jpg 100w, https:\/\/www.milanosiamonoi.com\/wp-content\/uploads\/2022\/01\/69.-foto-libro-Crotti-DM-libro-MFeTC-50x50.jpg 50w, https:\/\/www.milanosiamonoi.com\/wp-content\/uploads\/2022\/01\/69.-foto-libro-Crotti-DM-libro-MFeTC-25x25.jpg 25w, https:\/\/www.milanosiamonoi.com\/wp-content\/uploads\/2022\/01\/69.-foto-libro-Crotti-DM-libro-MFeTC-90x90.jpg 90w\" sizes=\"(max-width: 576px) 100vw, 576px\" \/><figcaption><em>Foto dal libro &#8220;Tino Crotti e Mario Forte vi insegnano l&#8217;hockey su ghiaccio&#8221; &#8211; De Vecchi Editore<\/em><\/figcaption><\/figure><\/div>\n\n\n\n<p class=\"has-text-align-center\">Gli anni Sessanta dei Diavoli sono da ricordare non solo per scudetto vinto e spareggi finiti male, c&#8217;\u00e8 infatti una data che rester\u00e0 per sempre nella mente di giocatori e tifosi che quegli anni li hanno vissuti in presa diretta. Il 6 gennaio del 1969 la squadra milanese gioca una partita di campionato all&#8217;Olimpico di Cortina e decide di farlo senza portiere. Il titolare Franco Viale \u00e8 fuori per squalifica, il suo secondo (Roberto Favaro) \u00e8 stato chiamato alle armi, Guido &#8220;Jackie&#8221; Radaelli \u00e8 stato prestato al Torino, resta solo l&#8217;opportunit\u00e0 di piazzare davanti alla gabbia un portiere della giovanile. Il dt Aldo Federici, in segno di protesta per la lunga squalifica inflitta a Viale, decide che contro il Cortina i Diavoli faranno a meno dell&#8217;estremo difensore!<\/p>\n\n\n\n<div class=\"wp-block-image\"><figure class=\"aligncenter size-large\"><img loading=\"lazy\" decoding=\"async\" width=\"664\" height=\"592\" src=\"https:\/\/www.milanosiamonoi.com\/wp-content\/uploads\/2022\/01\/69.01.06-A-Cort-DM-19-2-corinfo-sist..jpg\" alt=\"\" class=\"wp-image-12041\" srcset=\"https:\/\/www.milanosiamonoi.com\/wp-content\/uploads\/2022\/01\/69.01.06-A-Cort-DM-19-2-corinfo-sist..jpg 664w, https:\/\/www.milanosiamonoi.com\/wp-content\/uploads\/2022\/01\/69.01.06-A-Cort-DM-19-2-corinfo-sist.-300x267.jpg 300w, https:\/\/www.milanosiamonoi.com\/wp-content\/uploads\/2022\/01\/69.01.06-A-Cort-DM-19-2-corinfo-sist.-100x89.jpg 100w, https:\/\/www.milanosiamonoi.com\/wp-content\/uploads\/2022\/01\/69.01.06-A-Cort-DM-19-2-corinfo-sist.-50x45.jpg 50w, https:\/\/www.milanosiamonoi.com\/wp-content\/uploads\/2022\/01\/69.01.06-A-Cort-DM-19-2-corinfo-sist.-25x22.jpg 25w\" sizes=\"(max-width: 664px) 100vw, 664px\" \/><figcaption><em>Articolo da &#8220;Il Corriere d&#8217;informazione&#8221;.<\/em><\/figcaption><\/figure><\/div>\n\n\n\n<p class=\"has-text-align-center\">Il tempo non si ferma, la Milano dell&#8217;hockey saluta tutti i suoi campioni e le loro lunghe e gloriose carriere, impreziosite da scudetti, coppe internazionali e tre Criterium d&#8217;Europa. Tutti tranne uno: Giampiero Branduardi. Il &#8220;Brandina&#8221; non molla, stringe i denti e va avanti fino ai primi anni Settanta, ancora con i Diavoli e poi con il Turbine. Voglia e passione non conoscono ostacoli.<\/p>\n\n\n\n<div class=\"wp-block-image\"><figure class=\"aligncenter size-large\"><img loading=\"lazy\" decoding=\"async\" width=\"445\" height=\"632\" src=\"https:\/\/www.milanosiamonoi.com\/wp-content\/uploads\/2022\/01\/67.12.-foto-Branduardi-libro-MFeTC-cor..jpg\" alt=\"\" class=\"wp-image-12042\" srcset=\"https:\/\/www.milanosiamonoi.com\/wp-content\/uploads\/2022\/01\/67.12.-foto-Branduardi-libro-MFeTC-cor..jpg 445w, https:\/\/www.milanosiamonoi.com\/wp-content\/uploads\/2022\/01\/67.12.-foto-Branduardi-libro-MFeTC-cor.-211x300.jpg 211w, https:\/\/www.milanosiamonoi.com\/wp-content\/uploads\/2022\/01\/67.12.-foto-Branduardi-libro-MFeTC-cor.-70x100.jpg 70w, https:\/\/www.milanosiamonoi.com\/wp-content\/uploads\/2022\/01\/67.12.-foto-Branduardi-libro-MFeTC-cor.-35x50.jpg 35w, https:\/\/www.milanosiamonoi.com\/wp-content\/uploads\/2022\/01\/67.12.-foto-Branduardi-libro-MFeTC-cor.-18x25.jpg 18w\" sizes=\"(max-width: 445px) 100vw, 445px\" \/><figcaption><em>Giampiero Branduardi. (Foto dal libro di Tino Crotti e Mario Forte. De Vecchi Editore)<\/em><\/figcaption><\/figure><\/div>\n\n\n\n<p class=\"has-text-align-center\">Purtroppo per l&#8217;hockey su ghiaccio milanese la strada \u00e8 sempre pi\u00f9 in salita. I Diavoli continuano grazie alla passione e al sostegno della famiglia Monzino, l&#8217;addio dei veterani d&#8217;anteguerra rende invece estremamente complicato mantenere due squadre nelle serie minori; per andare avanti la fusione tra Amatori e Ambrosiano \u00e8 inevitabile.<\/p>\n\n\n\n<figure class=\"wp-block-table\"><table><tbody><tr><td>Anno<\/td><td class=\"has-text-align-right\" data-align=\"right\">Campionato<\/td><td class=\"has-text-align-right\" data-align=\"right\">Spengler Cup<\/td><\/tr><tr><td><strong><a href=\"https:\/\/www.milanosiamonoi.com\/index.php\/campionati\/dal-1960-al-1969-vs-cortina\/1959-1960-diavoli-hc-milano\/\">1959-60 Diavoli Hc Milano<\/a><\/strong><\/td><td class=\"has-text-align-right\" data-align=\"right\">Campione d&#8217;Italia<\/td><td class=\"has-text-align-right\" data-align=\"right\">5\u00b0 posto<\/td><\/tr><tr><td><strong><a href=\"https:\/\/www.milanosiamonoi.com\/index.php\/campionati\/dal-1960-al-1969-vs-cortina\/1959-1960-amatori-mi-bocconi-e-allievi\/\">1959-60 Amatori \/Bocconi<\/a><\/strong><\/td><td class=\"has-text-align-right\" data-align=\"right\">Serie B\/Promozione <\/td><td class=\"has-text-align-right\" data-align=\"right\">nd<\/td><\/tr><tr><td><a href=\"https:\/\/www.milanosiamonoi.com\/index.php\/campionati\/dal-1960-al-1969-vs-cortina\/1960-1961-diavoli-hc-milano\/\"><strong>1960-61 Diavoli Hc Milano<\/strong><\/a><\/td><td class=\"has-text-align-right\" data-align=\"right\">2\u00b0 posto<\/td><td class=\"has-text-align-right\" data-align=\"right\">3\u00b0 posto<\/td><\/tr><tr><td><strong><a href=\"https:\/\/www.milanosiamonoi.com\/index.php\/campionati\/dal-1960-al-1969-vs-cortina\/1960-1961-amatori-mi-ambrosiano-e-allievi\/\">1960-61 Amatori\/Ambrosiano<\/a><\/strong><\/td><td class=\"has-text-align-right\" data-align=\"right\">Serie B\/Promozione<\/td><td class=\"has-text-align-right\" data-align=\"right\">nd<\/td><\/tr><tr><td><strong><a href=\"https:\/\/www.milanosiamonoi.com\/index.php\/campionati\/dal-1960-al-1969-vs-cortina\/1961-1962-diavoli-hc-milano\/\">1961-62 Diavoli Hc Milano<\/a><\/strong><\/td><td class=\"has-text-align-right\" data-align=\"right\">2\u00b0 posto<\/td><td class=\"has-text-align-right\" data-align=\"right\">5\u00b0 posto<\/td><\/tr><tr><td><strong><a href=\"https:\/\/www.milanosiamonoi.com\/index.php\/campionati\/dal-1960-al-1969-vs-cortina\/1961-1962-amatori-mi-ambrosiano-e-allievi\/\">1961-62 Amatori\/Ambrosiano<\/a><\/strong><\/td><td class=\"has-text-align-right\" data-align=\"right\">Serie B\/Promozione<\/td><td class=\"has-text-align-right\" data-align=\"right\">nd<\/td><\/tr><tr><td><a href=\"https:\/\/www.milanosiamonoi.com\/index.php\/campionati\/dal-1960-al-1969-vs-cortina\/1962-1963-diavoli-hc-milano\/\"><strong>1962-63 Diavoli Hc Milano<\/strong><\/a><\/td><td class=\"has-text-align-right\" data-align=\"right\">3\u00b0 posto<\/td><td class=\"has-text-align-right\" data-align=\"right\">nd<\/td><\/tr><tr><td><strong><a href=\"https:\/\/www.milanosiamonoi.com\/index.php\/campionati\/dal-1960-al-1969-vs-cortina\/1962-1963-amatori-mi-ambrosiano-e-allievi\/\">1962-63 Amatori\/Ambrosiano<\/a><\/strong><\/td><td class=\"has-text-align-right\" data-align=\"right\">Serie B\/Promozione<\/td><td class=\"has-text-align-right\" data-align=\"right\">nd<\/td><\/tr><tr><td><strong><a href=\"https:\/\/www.milanosiamonoi.com\/index.php\/campionati\/dal-1960-al-1969-vs-cortina\/1963-1964-diavoli-hc-milano\/\">1963-64 Diavoli Hc Milano<\/a><\/strong><\/td><td class=\"has-text-align-right\" data-align=\"right\">4\u00b0 posto<\/td><td class=\"has-text-align-right\" data-align=\"right\">nd<\/td><\/tr><tr><td><strong><a href=\"https:\/\/www.milanosiamonoi.com\/index.php\/campionati\/dal-1960-al-1969-vs-cortina\/1963-1964-amatori-mi-ambrosiano-e-allievi\/\">1963-64 Amatori\/Ambrosiano<\/a><\/strong><\/td><td class=\"has-text-align-right\" data-align=\"right\">Serie B\/Promozione<\/td><td class=\"has-text-align-right\" data-align=\"right\">nd<\/td><\/tr><tr><td><strong><a href=\"https:\/\/www.milanosiamonoi.com\/index.php\/campionati\/dal-1960-al-1969-vs-cortina\/1964-1965-diavoli-hc-milano\/\">1964-65 Diavoli Hc Milano<\/a><\/strong><\/td><td class=\"has-text-align-right\" data-align=\"right\">4\u00b0 posto<\/td><td class=\"has-text-align-right\" data-align=\"right\">nd<\/td><\/tr><tr><td><strong><a href=\"https:\/\/www.milanosiamonoi.com\/index.php\/campionati\/dal-1960-al-1969-vs-cortina\/1964-1965-amatori-mi-ambrosiano-e-allievi\/\">1964-65 Amatori\/Ambrosiano<\/a><\/strong><\/td><td class=\"has-text-align-right\" data-align=\"right\">Serie B\/Promozione<\/td><td class=\"has-text-align-right\" data-align=\"right\">nd<\/td><\/tr><tr><td><strong><a href=\"https:\/\/www.milanosiamonoi.com\/index.php\/campionati\/dal-1960-al-1969-vs-cortina\/1965-1966-diavoli-hc-milano\/\">1965-66 Diavoli Hc Milano<\/a><\/strong><\/td><td class=\"has-text-align-right\" data-align=\"right\">3\u00b0 posto <\/td><td class=\"has-text-align-right\" data-align=\"right\">nd<\/td><\/tr><tr><td><strong><a href=\"https:\/\/www.milanosiamonoi.com\/index.php\/campionati\/dal-1960-al-1969-vs-cortina\/1965-1966-amatori-mi-ambrosiano-e-allievi\/\">1965-66 Amatori\/Ambrosiano <\/a><\/strong><\/td><td class=\"has-text-align-right\" data-align=\"right\">Serie B\/Promozione<\/td><td class=\"has-text-align-right\" data-align=\"right\">nd<\/td><\/tr><tr><td><strong><a href=\"https:\/\/www.milanosiamonoi.com\/index.php\/campionati\/dal-1960-al-1969-vs-cortina\/1966-1967-diavoli-hc-milano\/\">1966-67 Diavoli Hc Milano<\/a><\/strong><\/td><td class=\"has-text-align-right\" data-align=\"right\">4\u00b0 posto<\/td><td class=\"has-text-align-right\" data-align=\"right\">nd<\/td><\/tr><tr><td><strong><a href=\"https:\/\/www.milanosiamonoi.com\/index.php\/campionati\/dal-1960-al-1969-vs-cortina\/1966-1967-amatori-mi-ambrosiano-e-allievi\/\">1966-67 Amatori\/Ambrosiano<\/a><\/strong><\/td><td class=\"has-text-align-right\" data-align=\"right\">Serie B\/Promozione<\/td><td class=\"has-text-align-right\" data-align=\"right\">nd<\/td><\/tr><tr><td><a href=\"https:\/\/www.milanosiamonoi.com\/index.php\/campionati\/dal-1960-al-1969-vs-cortina\/1967-1968-diavoli-hc-milano\/\"><strong>1967-68 Diavoli Hc Milano Vov<\/strong><\/a><\/td><td class=\"has-text-align-right\" data-align=\"right\">2\u00b0 posto<\/td><td class=\"has-text-align-right\" data-align=\"right\">nd<\/td><\/tr><tr><td><strong><a href=\"https:\/\/www.milanosiamonoi.com\/index.php\/campionati\/dal-1960-al-1969-vs-cortina\/1967-1968-amatori-mi-ambrosiano-e-allievi\/\">1967-68 Amatori\/Ambrosiano<\/a><\/strong><\/td><td class=\"has-text-align-right\" data-align=\"right\">Serie B\/Promozione<\/td><td class=\"has-text-align-right\" data-align=\"right\">nd<\/td><\/tr><tr><td><strong><a href=\"https:\/\/www.milanosiamonoi.com\/index.php\/campionati\/dal-1960-al-1969-vs-cortina\/1968-1969-diavoli-hc-milano\/\">1968-69 Diavoli Hc Milano Vov<\/a><\/strong><\/td><td class=\"has-text-align-right\" data-align=\"right\">3\u00b0 posto<\/td><td class=\"has-text-align-right\" data-align=\"right\">nd<\/td><\/tr><tr><td><strong><a href=\"https:\/\/www.milanosiamonoi.com\/index.php\/campionati\/dal-1960-al-1969-vs-cortina\/1968-1969-amatori-ambrosiano-hc-milano\/\">1968-69 Amatori Ambrosiano<\/a><\/strong><\/td><td class=\"has-text-align-right\" data-align=\"right\">Serie C<\/td><td class=\"has-text-align-right\" data-align=\"right\">2\u00b0posto gir. A<\/td><\/tr><\/tbody><\/table><\/figure>\n","protected":false},"excerpt":{"rendered":"<p>Il 28 novembre 1959 il presidente FISG Enrico Calcaterra crea e presiede la Commissione Nazionale Arbitri di hockey su ghiaccio, la compongono altri due membri:&#8230;<\/p>\n","protected":false},"author":1,"featured_media":0,"parent":138,"menu_order":5,"comment_status":"closed","ping_status":"closed","template":"","meta":{"spay_email":"","footnotes":""},"_links":{"self":[{"href":"https:\/\/www.milanosiamonoi.com\/index.php\/wp-json\/wp\/v2\/pages\/1471"}],"collection":[{"href":"https:\/\/www.milanosiamonoi.com\/index.php\/wp-json\/wp\/v2\/pages"}],"about":[{"href":"https:\/\/www.milanosiamonoi.com\/index.php\/wp-json\/wp\/v2\/types\/page"}],"author":[{"embeddable":true,"href":"https:\/\/www.milanosiamonoi.com\/index.php\/wp-json\/wp\/v2\/users\/1"}],"replies":[{"embeddable":true,"href":"https:\/\/www.milanosiamonoi.com\/index.php\/wp-json\/wp\/v2\/comments?post=1471"}],"version-history":[{"count":71,"href":"https:\/\/www.milanosiamonoi.com\/index.php\/wp-json\/wp\/v2\/pages\/1471\/revisions"}],"predecessor-version":[{"id":16469,"href":"https:\/\/www.milanosiamonoi.com\/index.php\/wp-json\/wp\/v2\/pages\/1471\/revisions\/16469"}],"up":[{"embeddable":true,"href":"https:\/\/www.milanosiamonoi.com\/index.php\/wp-json\/wp\/v2\/pages\/138"}],"wp:attachment":[{"href":"https:\/\/www.milanosiamonoi.com\/index.php\/wp-json\/wp\/v2\/media?parent=1471"}],"curies":[{"name":"wp","href":"https:\/\/api.w.org\/{rel}","templated":true}]}}